{"id":31,"date":"2025-03-23T18:00:55","date_gmt":"2025-03-23T21:00:55","guid":{"rendered":"https:\/\/qlpgroup.com.br\/?page_id=31"},"modified":"2026-03-30T12:02:42","modified_gmt":"2026-03-30T15:02:42","slug":"produtos","status":"publish","type":"page","link":"https:\/\/qlpgroup.com.br\/en\/produtos\/","title":{"rendered":"Produtos"},"content":{"rendered":"<div data-elementor-type=\"wp-page\" data-elementor-id=\"31\" class=\"elementor elementor-31\">\n\t\t\t\t<div class=\"elementor-element elementor-element-7a33ad59 e-con-full e-flex e-con e-parent\" data-id=\"7a33ad59\" data-element_type=\"container\" data-e-type=\"container\" data-settings=\"{&quot;background_background&quot;:&quot;classic&quot;}\">\n\t\t\t\t<div class=\"elementor-element elementor-element-6f463bb8 elementor-widget elementor-widget-heading\" data-id=\"6f463bb8\" data-element_type=\"widget\" data-e-type=\"widget\" data-widget_type=\"heading.default\">\n\t\t\t\t<div class=\"elementor-widget-container\">\n\t\t\t\t\t<h2 class=\"elementor-heading-title elementor-size-default\">Nossos Produtos<\/h2>\t\t\t\t<\/div>\n\t\t\t\t<\/div>\n\t\t\t\t<div class=\"elementor-element elementor-element-19f0209 elementor-widget elementor-widget-text-editor\" data-id=\"19f0209\" data-element_type=\"widget\" data-e-type=\"widget\" data-widget_type=\"text-editor.default\">\n\t\t\t\t<div class=\"elementor-widget-container\">\n\t\t\t\t\t\t\t\t\t<p style=\"text-align: center; color: #ffffff; font-size: 16px;\">Encontre pe\u00e7as sobressalentes, equipamentos industriais e solu\u00e7\u00f5es de engenharia de mais de 200 fabricantes globais.<\/p>\t\t\t\t\t\t\t\t<\/div>\n\t\t\t\t<\/div>\n\t\t\t\t<\/div>\n\t\t<div class=\"elementor-element elementor-element-e0ca56f e-flex e-con-boxed e-con e-parent\" data-id=\"e0ca56f\" data-element_type=\"container\" data-e-type=\"container\">\n\t\t\t\t\t<div class=\"e-con-inner\">\n\t\t\t\t<div class=\"elementor-element elementor-element-05aeaf6 animated-slow elementor-invisible elementor-widget elementor-widget-heading\" data-id=\"05aeaf6\" data-element_type=\"widget\" data-e-type=\"widget\" data-settings=\"{&quot;_animation&quot;:&quot;fadeIn&quot;,&quot;_animation_delay&quot;:200}\" data-widget_type=\"heading.default\">\n\t\t\t\t<div class=\"elementor-widget-container\">\n\t\t\t\t\t<h2 class=\"elementor-heading-title elementor-size-default\">Nossos Parceiros<\/h2>\t\t\t\t<\/div>\n\t\t\t\t<\/div>\n\t\t\t\t<div class=\"elementor-element elementor-element-5af1cbe elementor-arrows-position-outside elementor-pagination-position-inside elementor-widget elementor-widget-image-carousel\" data-id=\"5af1cbe\" data-element_type=\"widget\" data-e-type=\"widget\" data-settings=\"{&quot;slides_to_show&quot;:&quot;3&quot;,&quot;slides_to_scroll&quot;:&quot;1&quot;,&quot;image_spacing_custom&quot;:{&quot;unit&quot;:&quot;px&quot;,&quot;size&quot;:3,&quot;sizes&quot;:[]},&quot;autoplay_speed&quot;:4000,&quot;navigation&quot;:&quot;both&quot;,&quot;autoplay&quot;:&quot;yes&quot;,&quot;pause_on_hover&quot;:&quot;yes&quot;,&quot;pause_on_interaction&quot;:&quot;yes&quot;,&quot;infinite&quot;:&quot;yes&quot;,&quot;speed&quot;:500,&quot;image_spacing_custom_tablet&quot;:{&quot;unit&quot;:&quot;px&quot;,&quot;size&quot;:&quot;&quot;,&quot;sizes&quot;:[]},&quot;image_spacing_custom_mobile&quot;:{&quot;unit&quot;:&quot;px&quot;,&quot;size&quot;:&quot;&quot;,&quot;sizes&quot;:[]}}\" data-widget_type=\"image-carousel.default\">\n\t\t\t\t<div class=\"elementor-widget-container\">\n\t\t\t\t\t\t\t<div class=\"elementor-image-carousel-wrapper swiper\" role=\"region\" aria-roledescription=\"carousel\" aria-label=\"Carrossel de imagens\" dir=\"ltr\">\n\t\t\t<div class=\"elementor-image-carousel swiper-wrapper\" aria-live=\"off\">\n\t\t\t\t\t\t\t\t<div class=\"swiper-slide\" role=\"group\" aria-roledescription=\"slide\" aria-label=\"1 de 10\"><figure class=\"swiper-slide-inner\"><img decoding=\"async\" class=\"swiper-slide-image\" src=\"https:\/\/qlpgroup.com.br\/wp-content\/uploads\/2025\/04\/banner_misturado_11.png\" alt=\"banner_misturado_11\" \/><\/figure><\/div><div class=\"swiper-slide\" role=\"group\" aria-roledescription=\"slide\" aria-label=\"2 de 10\"><figure class=\"swiper-slide-inner\"><img decoding=\"async\" class=\"swiper-slide-image\" src=\"https:\/\/qlpgroup.com.br\/wp-content\/uploads\/2025\/04\/banner_misturado_10.png\" alt=\"banner_misturado_10\" \/><\/figure><\/div><div class=\"swiper-slide\" role=\"group\" aria-roledescription=\"slide\" aria-label=\"3 de 10\"><figure class=\"swiper-slide-inner\"><img decoding=\"async\" class=\"swiper-slide-image\" src=\"https:\/\/qlpgroup.com.br\/wp-content\/uploads\/2025\/04\/banner_misturado_9.png\" alt=\"banner_misturado_9\" \/><\/figure><\/div><div class=\"swiper-slide\" role=\"group\" aria-roledescription=\"slide\" aria-label=\"4 de 10\"><figure class=\"swiper-slide-inner\"><img decoding=\"async\" class=\"swiper-slide-image\" src=\"https:\/\/qlpgroup.com.br\/wp-content\/uploads\/2025\/04\/banner_misturado_7.png\" alt=\"banner_misturado_7\" \/><\/figure><\/div><div class=\"swiper-slide\" role=\"group\" aria-roledescription=\"slide\" aria-label=\"5 de 10\"><figure class=\"swiper-slide-inner\"><img decoding=\"async\" class=\"swiper-slide-image\" src=\"https:\/\/qlpgroup.com.br\/wp-content\/uploads\/2025\/04\/banner_misturado_6.png\" alt=\"banner_misturado_6\" \/><\/figure><\/div><div class=\"swiper-slide\" role=\"group\" aria-roledescription=\"slide\" aria-label=\"6 de 10\"><figure class=\"swiper-slide-inner\"><img decoding=\"async\" class=\"swiper-slide-image\" src=\"https:\/\/qlpgroup.com.br\/wp-content\/uploads\/2025\/04\/banner_misturado_5.png\" alt=\"banner_misturado_5\" \/><\/figure><\/div><div class=\"swiper-slide\" role=\"group\" aria-roledescription=\"slide\" aria-label=\"7 de 10\"><figure class=\"swiper-slide-inner\"><img decoding=\"async\" class=\"swiper-slide-image\" src=\"https:\/\/qlpgroup.com.br\/wp-content\/uploads\/2025\/04\/banner_misturado_4.png\" alt=\"banner_misturado_4\" \/><\/figure><\/div><div class=\"swiper-slide\" role=\"group\" aria-roledescription=\"slide\" aria-label=\"8 de 10\"><figure class=\"swiper-slide-inner\"><img decoding=\"async\" class=\"swiper-slide-image\" src=\"https:\/\/qlpgroup.com.br\/wp-content\/uploads\/2025\/04\/banner_misturado_3.png\" alt=\"banner_misturado_3\" \/><\/figure><\/div><div class=\"swiper-slide\" role=\"group\" aria-roledescription=\"slide\" aria-label=\"9 de 10\"><figure class=\"swiper-slide-inner\"><img decoding=\"async\" class=\"swiper-slide-image\" src=\"https:\/\/qlpgroup.com.br\/wp-content\/uploads\/2025\/04\/banner_misturado_2.png\" alt=\"banner_misturado_2\" \/><\/figure><\/div><div class=\"swiper-slide\" role=\"group\" aria-roledescription=\"slide\" aria-label=\"10 de 10\"><figure class=\"swiper-slide-inner\"><img decoding=\"async\" class=\"swiper-slide-image\" src=\"https:\/\/qlpgroup.com.br\/wp-content\/uploads\/2025\/04\/banner_misturado_1.png\" alt=\"banner_misturado_1\" \/><\/figure><\/div>\t\t\t<\/div>\n\t\t\t\t\t\t\t\t\t\t\t\t<div class=\"elementor-swiper-button elementor-swiper-button-prev\" role=\"button\" tabindex=\"0\">\n\t\t\t\t\t\t<svg aria-hidden=\"true\" class=\"e-font-icon-svg e-eicon-chevron-left\" viewbox=\"0 0 1000 1000\" xmlns=\"http:\/\/www.w3.org\/2000\/svg\"><path d=\"M646 125C629 125 613 133 604 142L308 442C296 454 292 471 292 487 292 504 296 521 308 533L604 854C617 867 629 875 646 875 663 875 679 871 692 858 704 846 713 829 713 812 713 796 708 779 692 767L438 487 692 225C700 217 708 204 708 187 708 171 704 154 692 142 675 129 663 125 646 125Z\"><\/path><\/svg>\t\t\t\t\t<\/div>\n\t\t\t\t\t<div class=\"elementor-swiper-button elementor-swiper-button-next\" role=\"button\" tabindex=\"0\">\n\t\t\t\t\t\t<svg aria-hidden=\"true\" class=\"e-font-icon-svg e-eicon-chevron-right\" viewbox=\"0 0 1000 1000\" xmlns=\"http:\/\/www.w3.org\/2000\/svg\"><path d=\"M696 533C708 521 713 504 713 487 713 471 708 454 696 446L400 146C388 133 375 125 354 125 338 125 325 129 313 142 300 154 292 171 292 187 292 204 296 221 308 233L563 492 304 771C292 783 288 800 288 817 288 833 296 850 308 863 321 871 338 875 354 875 371 875 388 867 400 854L696 533Z\"><\/path><\/svg>\t\t\t\t\t<\/div>\n\t\t\t\t\n\t\t\t\t\t\t\t\t\t<div class=\"swiper-pagination\"><\/div>\n\t\t\t\t\t\t\t\t\t<\/div>\n\t\t\t\t\t\t<\/div>\n\t\t\t\t<\/div>\n\t\t\t\t<div class=\"elementor-element elementor-element-9ad09c8 elementor-widget elementor-widget-html\" data-id=\"9ad09c8\" data-element_type=\"widget\" data-e-type=\"widget\" data-widget_type=\"html.default\">\n\t\t\t\t<div class=\"elementor-widget-container\">\n\t\t\t\t\t<div style=\"display:flex; justify-content:center; gap:60px; padding:30px 0; flex-wrap:wrap;\"><div style=\"text-align:center;\"><div style=\"font-size:36px; font-weight:800; color:#E8732A; font-family:Montserrat,sans-serif;\">200+<\/div><div style=\"font-size:14px; color:#555; font-family:Source Sans Pro,sans-serif; margin-top:5px;\">Fabricantes Globais<\/div><\/div><div style=\"text-align:center;\"><div style=\"font-size:36px; font-weight:800; color:#E8732A; font-family:Montserrat,sans-serif;\">10.000+<\/div><div style=\"font-size:14px; color:#555; font-family:Source Sans Pro,sans-serif; margin-top:5px;\">Produtos Catalogados<\/div><\/div><div style=\"text-align:center;\"><div style=\"font-size:36px; font-weight:800; color:#E8732A; font-family:Montserrat,sans-serif;\">24h<\/div><div style=\"font-size:14px; color:#555; font-family:Source Sans Pro,sans-serif; margin-top:5px;\">Resposta de Cota\u00e7\u00e3o<\/div><\/div><\/div>\t\t\t\t<\/div>\n\t\t\t\t<\/div>\n\t\t\t\t<div class=\"elementor-element elementor-element-674754c elementor-widget elementor-widget-html\" data-id=\"674754c\" data-element_type=\"widget\" data-e-type=\"widget\" data-widget_type=\"html.default\">\n\t\t\t\t<div class=\"elementor-widget-container\">\n\t\t\t\t\t<style>\n\/* DataTable Professional Styling *\/\n.tablepress thead th {\n  background: linear-gradient(135deg, #22576C 0%, #1a4557 100%) !important;\n  color: #ffffff !important;\n  font-family: \"Montserrat\", sans-serif !important;\n  font-weight: 600 !important;\n  font-size: 14px !important;\n  padding: 14px 18px !important;\n  text-transform: uppercase !important;\n  letter-spacing: 0.5px !important;\n  border: none !important;\n}\n.tablepress tbody td {\n  font-family: \"Source Sans Pro\", sans-serif !important;\n  font-size: 13px !important;\n  padding: 12px 18px !important;\n  border-bottom: 1px solid #e8e8e8 !important;\n  color: #333 !important;\n  vertical-align: middle !important;\n}\n.tablepress tbody tr:nth-child(even) {\n  background-color: #f8fafb !important;\n}\n.tablepress tbody tr:hover {\n  background-color: #eef5f8 !important;\n  transition: background-color 0.2s ease;\n}\n.dataTables_wrapper .dataTables_filter input {\n  border: 2px solid #22576C !important;\n  border-radius: 25px !important;\n  padding: 10px 20px !important;\n  font-size: 15px !important;\n  width: 350px !important;\n  outline: none !important;\n  font-family: \"Source Sans Pro\", sans-serif !important;\n  transition: border-color 0.3s, box-shadow 0.3s !important;\n}\n.dataTables_wrapper .dataTables_filter input:focus {\n  border-color: #E8732A !important;\n  box-shadow: 0 0 0 3px rgba(232,115,42,0.15) !important;\n}\n.dataTables_wrapper .dataTables_filter label {\n  font-family: \"Montserrat\", sans-serif !important;\n  font-weight: 600 !important;\n  color: #22576C !important;\n  font-size: 15px !important;\n}\n.dataTables_wrapper .dataTables_length label {\n  font-family: \"Montserrat\", sans-serif !important;\n  color: #555 !important;\n}\n.dataTables_wrapper .dataTables_length select {\n  border: 2px solid #ddd !important;\n  border-radius: 8px !important;\n  padding: 6px 10px !important;\n}\n.dataTables_wrapper .dataTables_info {\n  font-family: \"Source Sans Pro\", sans-serif !important;\n  color: #777 !important;\n  font-size: 13px !important;\n}\n.dataTables_wrapper .dataTables_paginate .paginate_button {\n  border-radius: 8px !important;\n  font-family: \"Montserrat\", sans-serif !important;\n  margin: 0 3px !important;\n}\n.dataTables_wrapper .dataTables_paginate .paginate_button.current {\n  background: #22576C !important;\n  color: #fff !important;\n  border-color: #22576C !important;\n}\n.dataTables_wrapper .dataTables_paginate .paginate_button:hover {\n  background: #E8732A !important;\n  color: #fff !important;\n  border-color: #E8732A !important;\n}\n.tablepress {\n  border-collapse: separate !important;\n  border-spacing: 0 !important;\n  border-radius: 10px !important;\n  overflow: hidden !important;\n  box-shadow: 0 2px 15px rgba(0,0,0,0.08) !important;\n}\n.tablepress thead th:first-child { border-radius: 10px 0 0 0 !important; }\n.tablepress thead th:last-child { border-radius: 0 10px 0 0 !important; }\n\n\/* Sort arrows white *\/\n.tablepress thead th.sorting::before,\n.tablepress thead th.sorting::after,\n.tablepress thead th.sorting_asc::before,\n.tablepress thead th.sorting_asc::after,\n.tablepress thead th.sorting_desc::before,\n.tablepress thead th.sorting_desc::after {\n    color: #fff !important;\n    opacity: 0.7 !important;\n}\n.tablepress thead th.sorting_asc::after,\n.tablepress thead th.sorting_desc::before {\n    opacity: 1 !important;\n}\ntable.tablepress thead th::after,\ntable.tablepress thead th::before {\n    color: #fff !important;\n}\n.dataTables_wrapper .dataTable thead .sorting::before,\n.dataTables_wrapper .dataTable thead .sorting::after,\n.dataTables_wrapper .dataTable thead .sorting_asc::before,\n.dataTables_wrapper .dataTable thead .sorting_asc::after,\n.dataTables_wrapper .dataTable thead .sorting_desc::before,\n.dataTables_wrapper .dataTable thead .sorting_desc::after {\n    color: #fff !important;\n    opacity: 0.6 !important;\n}\n.dataTables_wrapper .dataTable thead .sorting_asc::after,\n.dataTables_wrapper .dataTable thead .sorting_desc::before {\n    opacity: 1 !important;\n}\n\n\/* Fix sort arrows to white *\/\n.tablepress thead .dt-column-order,\n.tablepress thead .dt-column-order::before,\n.tablepress thead .dt-column-order::after {\n    color: #fff !important;\n    opacity: 0.7 !important;\n}\n.tablepress thead th.dt-ordering-asc .dt-column-order::before,\n.tablepress thead th.dt-ordering-desc .dt-column-order::after {\n    opacity: 1 !important;\n}\n<\/style>\t\t\t\t<\/div>\n\t\t\t\t<\/div>\n\t\t\t\t<div class=\"elementor-element elementor-element-08b4214 animated-slow elementor-invisible elementor-widget elementor-widget-heading\" data-id=\"08b4214\" data-element_type=\"widget\" data-e-type=\"widget\" data-settings=\"{&quot;_animation&quot;:&quot;fadeIn&quot;,&quot;_animation_delay&quot;:200}\" data-widget_type=\"heading.default\">\n\t\t\t\t<div class=\"elementor-widget-container\">\n\t\t\t\t\t<h2 class=\"elementor-heading-title elementor-size-default\">Pesquise em Nosso Cat\u00e1logo<\/h2>\t\t\t\t<\/div>\n\t\t\t\t<\/div>\n\t\t\t\t<div class=\"elementor-element elementor-element-2615f7a elementor-widget elementor-widget-shortcode\" data-id=\"2615f7a\" data-element_type=\"widget\" data-e-type=\"widget\" data-widget_type=\"shortcode.default\">\n\t\t\t\t<div class=\"elementor-widget-container\">\n\t\t\t\t\t\t\t<div class=\"elementor-shortcode\"><div class=\"notranslate\" translate=\"no\" style=\"padding:24px;text-align:center;border:1px solid #e0e0e0;border-radius:8px;background:#fafafa;\"><p style=\"margin:0 0 12px 0;color:#22576c;font-weight:600;\">Our product catalog contains 10,000+ technical items.<\/p><p style=\"margin:0 0 12px 0;color:#555;\">Please access the full catalog in our Portuguese version:<\/p><a href=\"\/wp-json\/wp\/v2\/pages\/31\" style=\"display:inline-block;padding:10px 20px;background:#f57e28;color:#fff;text-decoration:none;border-radius:4px;font-weight:600;\">View Product Catalog<\/a><\/div><\/div>\n\t\t\t\t\t\t<\/div>\n\t\t\t\t<\/div>\n\t\t\t\t\t<\/div>\n\t\t\t\t<\/div>\n\t\t\t\t<\/div>","protected":false},"excerpt":{"rendered":"<p>Nossos Produtos Encontre pe\u00e7as sobressalentes, equipamentos industriais e solu\u00e7\u00f5es de engenharia de mais de 200 fabricantes globais. Nossos Parceiros 200+Fabricantes Globais10.000+Produtos Catalogados24hResposta de Cota\u00e7\u00e3o Pesquise em Nosso Cat\u00e1logo<\/p>","protected":false},"author":1,"featured_media":0,"parent":0,"menu_order":0,"comment_status":"closed","ping_status":"closed","template":"elementor_header_footer","meta":{"footnotes":""},"class_list":["post-31","page","type-page","status-publish","hentry"],"_links":{"self":[{"href":"https:\/\/qlpgroup.com.br\/en\/wp-json\/wp\/v2\/pages\/31","targetHints":{"allow":["GET"]}}],"collection":[{"href":"https:\/\/qlpgroup.com.br\/en\/wp-json\/wp\/v2\/pages"}],"about":[{"href":"https:\/\/qlpgroup.com.br\/en\/wp-json\/wp\/v2\/types\/page"}],"author":[{"embeddable":true,"href":"https:\/\/qlpgroup.com.br\/en\/wp-json\/wp\/v2\/users\/1"}],"replies":[{"embeddable":true,"href":"https:\/\/qlpgroup.com.br\/en\/wp-json\/wp\/v2\/comments?post=31"}],"version-history":[{"count":5,"href":"https:\/\/qlpgroup.com.br\/en\/wp-json\/wp\/v2\/pages\/31\/revisions"}],"predecessor-version":[{"id":2681,"href":"https:\/\/qlpgroup.com.br\/en\/wp-json\/wp\/v2\/pages\/31\/revisions\/2681"}],"wp:attachment":[{"href":"https:\/\/qlpgroup.com.br\/en\/wp-json\/wp\/v2\/media?parent=31"}],"curies":[{"name":"wp","href":"https:\/\/api.w.org\/{rel}","templated":true}]}}