{"id":27,"date":"2025-03-23T18:00:19","date_gmt":"2025-03-23T21:00:19","guid":{"rendered":"https:\/\/qlpgroup.com.br\/?page_id=27"},"modified":"2026-03-30T12:38:21","modified_gmt":"2026-03-30T15:38:21","slug":"nossa-historia","status":"publish","type":"page","link":"https:\/\/qlpgroup.com.br\/en\/nossa-historia\/","title":{"rendered":"Nossa historia"},"content":{"rendered":"<div data-elementor-type=\"wp-page\" data-elementor-id=\"27\" class=\"elementor elementor-27\">\n\t\t\t\t<div class=\"elementor-element elementor-element-3e519887 e-con-full e-flex e-con e-parent\" data-id=\"3e519887\" data-element_type=\"container\" data-e-type=\"container\" data-settings=\"{&quot;background_background&quot;:&quot;classic&quot;}\">\n\t\t\t\t<div class=\"elementor-element elementor-element-62f82b9 elementor-widget elementor-widget-heading\" data-id=\"62f82b9\" data-element_type=\"widget\" data-e-type=\"widget\" data-widget_type=\"heading.default\">\n\t\t\t\t<div class=\"elementor-widget-container\">\n\t\t\t\t\t<h1 class=\"elementor-heading-title elementor-size-default\">Nossa Hist\u00f3ria<\/h1>\t\t\t\t<\/div>\n\t\t\t\t<\/div>\n\t\t\t\t<div class=\"elementor-element elementor-element-800b1b3 elementor-widget elementor-widget-heading\" data-id=\"800b1b3\" data-element_type=\"widget\" data-e-type=\"widget\" data-widget_type=\"heading.default\">\n\t\t\t\t<div class=\"elementor-widget-container\">\n\t\t\t\t\t<p class=\"elementor-heading-title elementor-size-default\">Conhe\u00e7a a trajet\u00f3ria de crescimento e inova\u00e7\u00e3o da QLP Group<\/p>\t\t\t\t<\/div>\n\t\t\t\t<\/div>\n\t\t\t\t<\/div>\n\t\t<div class=\"elementor-element elementor-element-be6ad0a e-flex e-con-boxed e-con e-parent\" data-id=\"be6ad0a\" data-element_type=\"container\" data-e-type=\"container\">\n\t\t\t\t\t<div class=\"e-con-inner\">\n\t\t\t\t<div class=\"elementor-element elementor-element-4c3a667 elementor-widget elementor-widget-heading\" data-id=\"4c3a667\" data-element_type=\"widget\" data-e-type=\"widget\" data-widget_type=\"heading.default\">\n\t\t\t\t<div class=\"elementor-widget-container\">\n\t\t\t\t\t<h2 class=\"elementor-heading-title elementor-size-default\">Nossa Trajet\u00f3ria<\/h2>\t\t\t\t<\/div>\n\t\t\t\t<\/div>\n\t\t\t\t<div class=\"elementor-element elementor-element-c30b44a elementor-widget-divider--view-line elementor-widget elementor-widget-divider\" data-id=\"c30b44a\" data-element_type=\"widget\" data-e-type=\"widget\" data-widget_type=\"divider.default\">\n\t\t\t\t<div class=\"elementor-widget-container\">\n\t\t\t\t\t\t\t<div class=\"elementor-divider\">\n\t\t\t<span class=\"elementor-divider-separator\">\n\t\t\t\t\t\t<\/span>\n\t\t<\/div>\n\t\t\t\t\t\t<\/div>\n\t\t\t\t<\/div>\n\t\t\t\t<div class=\"elementor-element elementor-element-1ed7ecd elementor-widget elementor-widget-text-editor\" data-id=\"1ed7ecd\" data-element_type=\"widget\" data-e-type=\"widget\" data-widget_type=\"text-editor.default\">\n\t\t\t\t<div class=\"elementor-widget-container\">\n\t\t\t\t\t\t\t\t\t<p>Desde a funda\u00e7\u00e3o da QLP Group, nossa trajet\u00f3ria tem sido marcada por um crescimento s\u00f3lido e pela busca constante de inova\u00e7\u00e3o e excel\u00eancia. Conhe\u00e7a os marcos importantes que nos levaram a nos tornarmos uma refer\u00eancia no setor industrial.<\/p><p>Fundada em 2017, a QLP Group surgiu com uma vis\u00e3o clara: transformar o fornecimento estrat\u00e9gico de componentes e sobressalentes cr\u00edticos para opera\u00e7\u00f5es offshore e energia, oferecendo solu\u00e7\u00f5es \u00e1geis, seguras e completas. Desde o in\u00edcio, nosso objetivo foi criar pontes s\u00f3lidas entre o mercado brasileiro e os principais fabricantes globais, estabelecendo conex\u00f5es estrat\u00e9gicas que permitissem superar desafios log\u00edsticos e operacionais.<\/p>\t\t\t\t\t\t\t\t<\/div>\n\t\t\t\t<\/div>\n\t\t\t\t\t<\/div>\n\t\t\t\t<\/div>\n\t\t<div class=\"elementor-element elementor-element-0ccc9c0 e-flex e-con-boxed e-con e-parent\" data-id=\"0ccc9c0\" data-element_type=\"container\" data-e-type=\"container\" data-settings=\"{&quot;background_background&quot;:&quot;classic&quot;}\">\n\t\t\t\t\t<div class=\"e-con-inner\">\n\t\t\t\t\t<\/div>\n\t\t\t\t<\/div>\n\t\t<div class=\"elementor-element elementor-element-2eb70c1 e-flex e-con-boxed e-con e-parent\" data-id=\"2eb70c1\" data-element_type=\"container\" data-e-type=\"container\">\n\t\t\t\t\t<div class=\"e-con-inner\">\n\t\t\t\t<div class=\"elementor-element elementor-element-11d20ba elementor-widget elementor-widget-heading\" data-id=\"11d20ba\" data-element_type=\"widget\" data-e-type=\"widget\" data-widget_type=\"heading.default\">\n\t\t\t\t<div class=\"elementor-widget-container\">\n\t\t\t\t\t<h2 class=\"elementor-heading-title elementor-size-default\">Pronto para trabalhar conosco?<\/h2>\t\t\t\t<\/div>\n\t\t\t\t<\/div>\n\t\t\t\t<div class=\"elementor-element elementor-element-dca241f elementor-widget elementor-widget-heading\" data-id=\"dca241f\" data-element_type=\"widget\" data-e-type=\"widget\" data-widget_type=\"heading.default\">\n\t\t\t\t<div class=\"elementor-widget-container\">\n\t\t\t\t\t<p class=\"elementor-heading-title elementor-size-default\">Entre em contato e descubra como a QLP Group pode atender suas necessidades<\/p>\t\t\t\t<\/div>\n\t\t\t\t<\/div>\n\t\t\t\t<div class=\"elementor-element elementor-element-b3562bb elementor-align-center elementor-button-default elementor-widget elementor-widget-button\" data-id=\"b3562bb\" data-element_type=\"widget\" data-e-type=\"widget\" data-widget_type=\"button.default\">\n\t\t\t\t<div class=\"elementor-widget-container\">\n\t\t\t\t\t\t\t\t\t<div class=\"elementor-button-wrapper\">\n\t\t\t\t\t<a class=\"elementor-button elementor-button-link elementor-size-sm\" href=\"\/en\/contato\/\">\n\t\t\t\t\t\t<span class=\"elementor-button-content-wrapper\">\n\t\t\t\t\t\t\t\t\t<span class=\"elementor-button-text\">FALE CONOSCO<\/span>\n\t\t\t\t\t<\/span>\n\t\t\t\t\t<\/a>\n\t\t\t\t<\/div>\n\t\t\t\t\t\t\t\t<\/div>\n\t\t\t\t<\/div>\n\t\t\t\t\t<\/div>\n\t\t\t\t<\/div>\n\t\t\t\t<\/div>","protected":false},"excerpt":{"rendered":"<p>Nossa Hist\u00f3ria Conhe\u00e7a a trajet\u00f3ria de crescimento e inova\u00e7\u00e3o da QLP Group Nossa Trajet\u00f3ria Desde a funda\u00e7\u00e3o da QLP Group, nossa trajet\u00f3ria tem sido marcada por um crescimento s\u00f3lido e pela busca constante de inova\u00e7\u00e3o e excel\u00eancia. Conhe\u00e7a os marcos importantes que nos levaram a nos tornarmos uma refer\u00eancia no setor industrial. Fundada em 2017, [&hellip;]<\/p>\n","protected":false},"author":1,"featured_media":0,"parent":0,"menu_order":0,"comment_status":"closed","ping_status":"closed","template":"elementor_header_footer","meta":{"footnotes":""},"class_list":["post-27","page","type-page","status-publish","hentry"],"_links":{"self":[{"href":"https:\/\/qlpgroup.com.br\/en\/wp-json\/wp\/v2\/pages\/27","targetHints":{"allow":["GET"]}}],"collection":[{"href":"https:\/\/qlpgroup.com.br\/en\/wp-json\/wp\/v2\/pages"}],"about":[{"href":"https:\/\/qlpgroup.com.br\/en\/wp-json\/wp\/v2\/types\/page"}],"author":[{"embeddable":true,"href":"https:\/\/qlpgroup.com.br\/en\/wp-json\/wp\/v2\/users\/1"}],"replies":[{"embeddable":true,"href":"https:\/\/qlpgroup.com.br\/en\/wp-json\/wp\/v2\/comments?post=27"}],"version-history":[{"count":5,"href":"https:\/\/qlpgroup.com.br\/en\/wp-json\/wp\/v2\/pages\/27\/revisions"}],"predecessor-version":[{"id":2700,"href":"https:\/\/qlpgroup.com.br\/en\/wp-json\/wp\/v2\/pages\/27\/revisions\/2700"}],"wp:attachment":[{"href":"https:\/\/qlpgroup.com.br\/en\/wp-json\/wp\/v2\/media?parent=27"}],"curies":[{"name":"wp","href":"https:\/\/api.w.org\/{rel}","templated":true}]}}