{"id":2499,"date":"2026-03-27T08:15:27","date_gmt":"2026-03-27T11:15:27","guid":{"rendered":"https:\/\/qlpgroup.com.br\/?page_id=2499"},"modified":"2026-04-10T11:03:05","modified_gmt":"2026-04-10T14:03:05","slug":"fireseal","status":"publish","type":"page","link":"https:\/\/qlpgroup.com.br\/en\/fireseal\/","title":{"rendered":"FireSeal"},"content":{"rendered":"<div data-elementor-type=\"wp-page\" data-elementor-id=\"2499\" class=\"elementor elementor-2499\">\n\t\t\t\t<div class=\"elementor-element elementor-element-cfd7fe1 e-con-full e-flex e-con e-parent\" data-id=\"cfd7fe1\" data-element_type=\"container\" data-e-type=\"container\" data-settings=\"{&quot;background_background&quot;:&quot;classic&quot;}\">\n\t\t\t\t<div class=\"elementor-element elementor-element-8a08a63 elementor-widget elementor-widget-heading\" data-id=\"8a08a63\" data-element_type=\"widget\" data-e-type=\"widget\" data-widget_type=\"heading.default\">\n\t\t\t\t<div class=\"elementor-widget-container\">\n\t\t\t\t\t<h1 class=\"elementor-heading-title elementor-size-default\">FireSeal<\/h1>\t\t\t\t<\/div>\n\t\t\t\t<\/div>\n\t\t\t\t<div class=\"elementor-element elementor-element-73949cc elementor-widget elementor-widget-text-editor\" data-id=\"73949cc\" data-element_type=\"widget\" data-e-type=\"widget\" data-widget_type=\"text-editor.default\">\n\t\t\t\t<div class=\"elementor-widget-container\">\n\t\t\t\t\t\t\t\t\t<p style=\"color:#FFFFFF; text-align:center; font-size:17px; font-weight:400; line-height:1.6; max-width:800px; margin:0 auto;\">A QLP Group \u00e9 representante oficial da FireSeal no Brasil, empresa sueca que desenvolve e comercializa sistemas de veda\u00e7\u00e3o contra inc\u00eandios.<\/p>\t\t\t\t\t\t\t\t<\/div>\n\t\t\t\t<\/div>\n\t\t\t\t<\/div>\n\t\t<div class=\"elementor-element elementor-element-f56fc41 e-flex e-con-boxed e-con e-parent\" data-id=\"f56fc41\" data-element_type=\"container\" data-e-type=\"container\" data-settings=\"{&quot;background_background&quot;:&quot;classic&quot;}\">\n\t\t\t\t\t<div class=\"e-con-inner\">\n\t\t\t\t<div class=\"elementor-element elementor-element-d61d74a elementor-widget elementor-widget-html\" data-id=\"d61d74a\" data-element_type=\"widget\" data-e-type=\"widget\" data-widget_type=\"html.default\">\n\t\t\t\t<div class=\"elementor-widget-container\">\n\t\t\t\t\t<div style=\"text-align:center;\"><img decoding=\"async\" src=\"https:\/\/qlpgroup.com.br\/wp-content\/uploads\/2025\/03\/fireseal_transparent-e1742832131748.png\" alt=\"FireSeal Logo\" style=\"max-height:120px; width:auto;\"><\/div>\t\t\t\t<\/div>\n\t\t\t\t<\/div>\n\t\t\t\t\t<\/div>\n\t\t\t\t<\/div>\n\t\t<div class=\"elementor-element elementor-element-6851c30 e-con-full e-flex e-con e-parent\" data-id=\"6851c30\" data-element_type=\"container\" data-e-type=\"container\" data-settings=\"{&quot;background_background&quot;:&quot;classic&quot;}\">\n\t\t<div class=\"elementor-element elementor-element-597f6a9 e-con-full e-flex e-con e-child\" data-id=\"597f6a9\" data-element_type=\"container\" data-e-type=\"container\">\n\t\t<div class=\"elementor-element elementor-element-77a2a31 e-con-full e-flex e-con e-child\" data-id=\"77a2a31\" data-element_type=\"container\" data-e-type=\"container\" data-settings=\"{&quot;background_background&quot;:&quot;classic&quot;}\">\n\t\t\t\t<div class=\"elementor-element elementor-element-b76908b elementor-widget elementor-widget-html\" data-id=\"b76908b\" data-element_type=\"widget\" data-e-type=\"widget\" data-widget_type=\"html.default\">\n\t\t\t\t<div class=\"elementor-widget-container\">\n\t\t\t\t\t<div style=\"text-align:center;\"><div style=\"width:60px;height:60px;background:#F57E28;border-radius:50%;display:flex;align-items:center;justify-content:center;margin:0 auto 15px;\"><svg width=\"28\" height=\"28\" fill=\"white\" viewbox=\"0 0 24 24\"><path d=\"M12 2C6.48 2 2 6.48 2 12s4.48 10 10 10 10-4.48 10-10S17.52 2 12 2zm-1 17.93c-3.95-.49-7-3.85-7-7.93 0-.62.08-1.21.21-1.79L9 15v1c0 1.1.9 2 2 2v1.93zm6.9-2.54c-.26-.81-1-1.39-1.9-1.39h-1v-3c0-.55-.45-1-1-1H8v-2h2c.55 0 1-.45 1-1V7h2c1.1 0 2-.9 2-2v-.41c2.93 1.19 5 4.06 5 7.41 0 2.08-.8 3.97-2.1 5.39z\"\/><\/svg><\/div><h3 style=\"color:#22576C; font-size:22px; font-weight:700; margin-bottom:12px;\">Origem e Miss\u00e3o<\/h3><p style=\"color:#555; font-size:14px; line-height:1.6;\">Fundada h\u00e1 mais de 40 anos na Su\u00e9cia, a FireSeal nasceu de uma miss\u00e3o do governo sueco para desenvolver sistemas de veda\u00e7\u00e3o contra inc\u00eandios para usinas nucleares. Desde ent\u00e3o, expandiu sua atua\u00e7\u00e3o para os setores naval, offshore e constru\u00e7\u00e3o civil.<\/p><\/div>\t\t\t\t<\/div>\n\t\t\t\t<\/div>\n\t\t\t\t<\/div>\n\t\t<div class=\"elementor-element elementor-element-203c524 e-con-full e-flex e-con e-child\" data-id=\"203c524\" data-element_type=\"container\" data-e-type=\"container\" data-settings=\"{&quot;background_background&quot;:&quot;classic&quot;}\">\n\t\t\t\t<div class=\"elementor-element elementor-element-c21adac elementor-widget elementor-widget-html\" data-id=\"c21adac\" data-element_type=\"widget\" data-e-type=\"widget\" data-widget_type=\"html.default\">\n\t\t\t\t<div class=\"elementor-widget-container\">\n\t\t\t\t\t<div style=\"text-align:center;\"><div style=\"width:60px;height:60px;background:#F57E28;border-radius:50%;display:flex;align-items:center;justify-content:center;margin:0 auto 15px;\"><svg width=\"28\" height=\"28\" fill=\"white\" viewbox=\"0 0 24 24\"><path d=\"M12 1L3 5v6c0 5.55 3.84 10.74 9 12 5.16-1.26 9-6.45 9-12V5l-9-4zm-2 16l-4-4 1.41-1.41L10 14.17l6.59-6.59L18 9l-8 8z\"\/><\/svg><\/div><h3 style=\"color:#22576C; font-size:22px; font-weight:700; margin-bottom:12px;\">Presen\u00e7a Global<\/h3><p style=\"color:#555; font-size:14px; line-height:1.6;\">Presente na \u00c1sia, Estados Unidos (setor naval e offshore), Su\u00e9cia e Noruega (constru\u00e7\u00e3o civil). A FireSeal atende mercados exigentes com solu\u00e7\u00f5es certificadas de prote\u00e7\u00e3o passiva contra inc\u00eandios.<\/p><\/div>\t\t\t\t<\/div>\n\t\t\t\t<\/div>\n\t\t\t\t<\/div>\n\t\t<div class=\"elementor-element elementor-element-9a0eba5 e-con-full e-flex e-con e-child\" data-id=\"9a0eba5\" data-element_type=\"container\" data-e-type=\"container\" data-settings=\"{&quot;background_background&quot;:&quot;classic&quot;}\">\n\t\t\t\t<div class=\"elementor-element elementor-element-ac51ad7 elementor-widget elementor-widget-html\" data-id=\"ac51ad7\" data-element_type=\"widget\" data-e-type=\"widget\" data-widget_type=\"html.default\">\n\t\t\t\t<div class=\"elementor-widget-container\">\n\t\t\t\t\t<div style=\"text-align:center;\"><div style=\"width:60px;height:60px;background:#F57E28;border-radius:50%;display:flex;align-items:center;justify-content:center;margin:0 auto 15px;\"><svg width=\"28\" height=\"28\" fill=\"white\" viewbox=\"0 0 24 24\"><path d=\"M12 7V3H2v18h20V7H12zM6 19H4v-2h2v2zm0-4H4v-2h2v2zm0-4H4V9h2v2zm0-4H4V5h2v2zm4 12H8v-2h2v2zm0-4H8v-2h2v2zm0-4H8V9h2v2zm0-4H8V5h2v2zm10 12h-8v-2h2v-2h-2v-2h2v-2h-2V9h8v10zm-2-8h-2v2h2v-2zm0 4h-2v2h2v-2z\"\/><\/svg><\/div><h3 style=\"color:#22576C; font-size:22px; font-weight:700; margin-bottom:12px;\">Grupo Bergman & Beving<\/h3><p style=\"color:#555; font-size:14px; line-height:1.6;\">Parte do grupo Bergman & Beving, um dos maiores fornecedores do norte da Europa. Essa parceria garante solidez financeira e acesso a uma rede global de distribui\u00e7\u00e3o e suporte t\u00e9cnico.<\/p><\/div>\t\t\t\t<\/div>\n\t\t\t\t<\/div>\n\t\t\t\t<\/div>\n\t\t\t\t<\/div>\n\t\t\t\t<\/div>\n\t\t<div class=\"elementor-element elementor-element-d909bb8 e-con-full e-flex e-con e-parent\" data-id=\"d909bb8\" data-element_type=\"container\" data-e-type=\"container\" data-settings=\"{&quot;background_background&quot;:&quot;classic&quot;}\">\n\t\t\t\t<div class=\"elementor-element elementor-element-954191d elementor-widget-divider--view-line elementor-widget elementor-widget-divider\" data-id=\"954191d\" data-element_type=\"widget\" data-e-type=\"widget\" data-widget_type=\"divider.default\">\n\t\t\t\t<div class=\"elementor-widget-container\">\n\t\t\t\t\t\t\t<div class=\"elementor-divider\">\n\t\t\t<span class=\"elementor-divider-separator\">\n\t\t\t\t\t\t<\/span>\n\t\t<\/div>\n\t\t\t\t\t\t<\/div>\n\t\t\t\t<\/div>\n\t\t\t\t<div class=\"elementor-element elementor-element-6a1c366 elementor-widget elementor-widget-heading\" data-id=\"6a1c366\" data-element_type=\"widget\" data-e-type=\"widget\" data-widget_type=\"heading.default\">\n\t\t\t\t<div class=\"elementor-widget-container\">\n\t\t\t\t\t<h2 class=\"elementor-heading-title elementor-size-default\">Produtos:<\/h2>\t\t\t\t<\/div>\n\t\t\t\t<\/div>\n\t\t<div class=\"elementor-element elementor-element-1189667 e-con-full e-flex e-con e-child\" data-id=\"1189667\" data-element_type=\"container\" data-e-type=\"container\">\n\t\t<div class=\"elementor-element elementor-element-3e8a650 e-con-full e-flex e-con e-child\" data-id=\"3e8a650\" data-element_type=\"container\" data-e-type=\"container\" data-settings=\"{&quot;background_background&quot;:&quot;classic&quot;}\">\n\t\t\t\t<div class=\"elementor-element elementor-element-8b7a943 elementor-widget elementor-widget-html\" data-id=\"8b7a943\" data-element_type=\"widget\" data-e-type=\"widget\" data-widget_type=\"html.default\">\n\t\t\t\t<div class=\"elementor-widget-container\">\n\t\t\t\t\t<div style=\"display:flex; flex-direction:column; align-items:center; text-align:center; padding:10px; height:100%;\"><div style=\"background:#f0f4f5; border-radius:8px; padding:20px; margin-bottom:16px; width:100%; display:flex; align-items:center; justify-content:center; min-height:200px;\"><img decoding=\"async\" src=\"https:\/\/qlpgroup.com.br\/wp-content\/uploads\/2025\/03\/blanket_marine_flex-d.jpg\" alt=\"Marine Flex System\" style=\"max-height:180px; width:auto; max-width:100%; object-fit:contain;\" \/><\/div><h4 style=\"font-family:Montserrat,sans-serif; font-weight:700; font-size:22px; color:#22576C; margin-bottom:12px;\">Marine Flex System<\/h4><p style=\"font-family:Source Sans Pro,sans-serif; font-size:16px; line-height:1.7; color:#4A4A4A; flex-grow:1; margin-bottom:16px;\">Sistema flex\u00edvel de veda\u00e7\u00e3o contra inc\u00eandio para aplica\u00e7\u00f5es mar\u00edtimas e offshore.<\/p>\n  <a href=\"https:\/\/fireseal.com\/product\/marine-flex-system\/\" target=\"_blank\" rel=\"noopener noreferrer nofollow\" style=\"display:inline-block; background:#F57E28; color:#fff; font-family:Montserrat,sans-serif; font-weight:600; font-size:14px; padding:10px 24px; border-radius:5px; text-decoration:none;\">Saiba Mais<\/a>\n<\/div>\t\t\t\t<\/div>\n\t\t\t\t<\/div>\n\t\t\t\t<\/div>\n\t\t<div class=\"elementor-element elementor-element-68187dd e-con-full e-flex e-con e-child\" data-id=\"68187dd\" data-element_type=\"container\" data-e-type=\"container\" data-settings=\"{&quot;background_background&quot;:&quot;classic&quot;}\">\n\t\t\t\t<div class=\"elementor-element elementor-element-608f4d1 elementor-widget elementor-widget-html\" data-id=\"608f4d1\" data-element_type=\"widget\" data-e-type=\"widget\" data-widget_type=\"html.default\">\n\t\t\t\t<div class=\"elementor-widget-container\">\n\t\t\t\t\t<div style=\"display:flex; flex-direction:column; align-items:center; text-align:center; padding:10px; height:100%;\"><div style=\"background:#f0f4f5; border-radius:8px; padding:20px; margin-bottom:16px; width:100%; display:flex; align-items:center; justify-content:center; min-height:200px;\"><img decoding=\"async\" src=\"https:\/\/qlpgroup.com.br\/wp-content\/uploads\/2025\/03\/marine_mulit_ms_3_white_klar.jpg\" alt=\"Marine Multi MS - Adhesive & Sealant\" style=\"max-height:180px; width:auto; max-width:100%; object-fit:contain;\" \/><\/div><h4 style=\"font-family:Montserrat,sans-serif; font-weight:700; font-size:22px; color:#22576C; margin-bottom:12px;\">Marine Multi MS - Adhesive & Sealant<\/h4><p style=\"font-family:Source Sans Pro,sans-serif; font-size:16px; line-height:1.7; color:#4A4A4A; flex-grow:1; margin-bottom:16px;\">Adesivo e selante multiuso para veda\u00e7\u00e3o contra inc\u00eandio em ambientes mar\u00edtimos.<\/p>\n  <a href=\"https:\/\/fireseal.com\/product\/marine-multi-ms\/\" target=\"_blank\" rel=\"noopener noreferrer nofollow\" style=\"display:inline-block; background:#F57E28; color:#fff; font-family:Montserrat,sans-serif; font-weight:600; font-size:14px; padding:10px 24px; border-radius:5px; text-decoration:none;\">Saiba Mais<\/a>\n<\/div>\t\t\t\t<\/div>\n\t\t\t\t<\/div>\n\t\t\t\t<\/div>\n\t\t<div class=\"elementor-element elementor-element-95334f4 e-con-full e-flex e-con e-child\" data-id=\"95334f4\" data-element_type=\"container\" data-e-type=\"container\" data-settings=\"{&quot;background_background&quot;:&quot;classic&quot;}\">\n\t\t\t\t<div class=\"elementor-element elementor-element-fd8fd89 elementor-widget elementor-widget-html\" data-id=\"fd8fd89\" data-element_type=\"widget\" data-e-type=\"widget\" data-widget_type=\"html.default\">\n\t\t\t\t<div class=\"elementor-widget-container\">\n\t\t\t\t\t<div style=\"display:flex; flex-direction:column; align-items:center; text-align:center; padding:10px; height:100%;\"><div style=\"background:#f0f4f5; border-radius:8px; padding:20px; margin-bottom:16px; width:100%; display:flex; align-items:center; justify-content:center; min-height:200px;\"><img decoding=\"async\" src=\"https:\/\/qlpgroup.com.br\/wp-content\/uploads\/2025\/03\/marine_wrap_ringar_marine_flex-1.jpg\" alt=\"Marine Wrap (Squeezer C)\" style=\"max-height:180px; width:auto; max-width:100%; object-fit:contain;\" \/><\/div><h4 style=\"font-family:Montserrat,sans-serif; font-weight:700; font-size:22px; color:#22576C; margin-bottom:12px;\">Marine Wrap (Squeezer C)<\/h4><p style=\"font-family:Source Sans Pro,sans-serif; font-size:16px; line-height:1.7; color:#4A4A4A; flex-grow:1; margin-bottom:16px;\">Sistema de envolvimento para veda\u00e7\u00e3o de penetra\u00e7\u00f5es e passagens de cabos.<\/p>\n  <a href=\"https:\/\/fireseal.com\/product\/marine-wrap\/\" target=\"_blank\" rel=\"noopener noreferrer nofollow\" style=\"display:inline-block; background:#F57E28; color:#fff; font-family:Montserrat,sans-serif; font-weight:600; font-size:14px; padding:10px 24px; border-radius:5px; text-decoration:none;\">Saiba Mais<\/a>\n<\/div>\t\t\t\t<\/div>\n\t\t\t\t<\/div>\n\t\t\t\t<\/div>\n\t\t\t\t<\/div>\n\t\t<div class=\"elementor-element elementor-element-078314b e-con-full e-flex e-con e-child\" data-id=\"078314b\" data-element_type=\"container\" data-e-type=\"container\">\n\t\t<div class=\"elementor-element elementor-element-9011c91 e-con-full e-flex e-con e-child\" data-id=\"9011c91\" data-element_type=\"container\" data-e-type=\"container\" data-settings=\"{&quot;background_background&quot;:&quot;classic&quot;}\">\n\t\t\t\t<div class=\"elementor-element elementor-element-71e9166 elementor-widget elementor-widget-html\" data-id=\"71e9166\" data-element_type=\"widget\" data-e-type=\"widget\" data-widget_type=\"html.default\">\n\t\t\t\t<div class=\"elementor-widget-container\">\n\t\t\t\t\t<div style=\"display:flex; flex-direction:column; align-items:center; text-align:center; padding:10px; height:100%;\"><div style=\"background:#f0f4f5; border-radius:8px; padding:20px; margin-bottom:16px; width:100%; display:flex; align-items:center; justify-content:center; min-height:200px;\"><img decoding=\"async\" src=\"https:\/\/qlpgroup.com.br\/wp-content\/uploads\/2025\/03\/nozzle170mm-webb-1.png\" alt=\"Cartridge Nozzle 170mm\" style=\"max-height:180px; width:auto; max-width:100%; object-fit:contain;\" \/><\/div><h4 style=\"font-family:Montserrat,sans-serif; font-weight:700; font-size:22px; color:#22576C; margin-bottom:12px;\">Cartridge Nozzle 170mm<\/h4><p style=\"font-family:Source Sans Pro,sans-serif; font-size:16px; line-height:1.7; color:#4A4A4A; flex-grow:1; margin-bottom:16px;\">Bico de cartucho de 170mm para aplica\u00e7\u00e3o precisa de selante contra inc\u00eandio.<\/p>\n  <a href=\"https:\/\/fireseal.com\/product\/marine-multi-ms\/\" target=\"_blank\" rel=\"noopener noreferrer nofollow\" style=\"display:inline-block; background:#F57E28; color:#fff; font-family:Montserrat,sans-serif; font-weight:600; font-size:14px; padding:10px 24px; border-radius:5px; text-decoration:none;\">Saiba Mais<\/a>\n<\/div>\t\t\t\t<\/div>\n\t\t\t\t<\/div>\n\t\t\t\t<\/div>\n\t\t<div class=\"elementor-element elementor-element-52e57dd e-con-full e-flex e-con e-child\" data-id=\"52e57dd\" data-element_type=\"container\" data-e-type=\"container\" data-settings=\"{&quot;background_background&quot;:&quot;classic&quot;}\">\n\t\t\t\t<div class=\"elementor-element elementor-element-e0cfebf elementor-widget elementor-widget-html\" data-id=\"e0cfebf\" data-element_type=\"widget\" data-e-type=\"widget\" data-widget_type=\"html.default\">\n\t\t\t\t<div class=\"elementor-widget-container\">\n\t\t\t\t\t<div style=\"display:flex; flex-direction:column; align-items:center; text-align:center; padding:10px; height:100%;\"><div style=\"background:#f0f4f5; border-radius:8px; padding:20px; margin-bottom:16px; width:100%; display:flex; align-items:center; justify-content:center; min-height:200px;\"><img decoding=\"async\" src=\"https:\/\/qlpgroup.com.br\/wp-content\/uploads\/2025\/03\/vinkel_45gr-webb-1.png\" alt=\"Nozzle Angle 45\u00b0\" style=\"max-height:180px; width:auto; max-width:100%; object-fit:contain;\" \/><\/div><h4 style=\"font-family:Montserrat,sans-serif; font-weight:700; font-size:22px; color:#22576C; margin-bottom:12px;\">Nozzle Angle 45\u00b0<\/h4><p style=\"font-family:Source Sans Pro,sans-serif; font-size:16px; line-height:1.7; color:#4A4A4A; flex-grow:1; margin-bottom:16px;\">Bico angular de 45\u00b0 para aplica\u00e7\u00e3o em \u00e1reas de dif\u00edcil acesso.<\/p>\n  <a href=\"https:\/\/fireseal.com\/product\/marine-multi-ms\/\" target=\"_blank\" rel=\"noopener noreferrer nofollow\" style=\"display:inline-block; background:#F57E28; color:#fff; font-family:Montserrat,sans-serif; font-weight:600; font-size:14px; padding:10px 24px; border-radius:5px; text-decoration:none;\">Saiba Mais<\/a>\n<\/div>\t\t\t\t<\/div>\n\t\t\t\t<\/div>\n\t\t\t\t<\/div>\n\t\t\t\t<\/div>\n\t\t\t\t<\/div>\n\t\t<div class=\"elementor-element elementor-element-94536bf e-flex e-con-boxed e-con e-parent\" data-id=\"94536bf\" data-element_type=\"container\" data-e-type=\"container\" data-settings=\"{&quot;background_background&quot;:&quot;classic&quot;}\">\n\t\t\t\t\t<div class=\"e-con-inner\">\n\t\t\t\t<div class=\"elementor-element elementor-element-a00accd elementor-widget-divider--view-line elementor-widget elementor-widget-divider\" data-id=\"a00accd\" data-element_type=\"widget\" data-e-type=\"widget\" data-widget_type=\"divider.default\">\n\t\t\t\t<div class=\"elementor-widget-container\">\n\t\t\t\t\t\t\t<div class=\"elementor-divider\">\n\t\t\t<span class=\"elementor-divider-separator\">\n\t\t\t\t\t\t<\/span>\n\t\t<\/div>\n\t\t\t\t\t\t<\/div>\n\t\t\t\t<\/div>\n\t\t\t\t<div class=\"elementor-element elementor-element-064d8e0 elementor-widget elementor-widget-heading\" data-id=\"064d8e0\" data-element_type=\"widget\" data-e-type=\"widget\" data-widget_type=\"heading.default\">\n\t\t\t\t<div class=\"elementor-widget-container\">\n\t\t\t\t\t<h2 class=\"elementor-heading-title elementor-size-default\">Vamos Trabalhar Juntos?<\/h2>\t\t\t\t<\/div>\n\t\t\t\t<\/div>\n\t\t\t\t<div class=\"elementor-element elementor-element-ae708f9 elementor-widget elementor-widget-text-editor\" data-id=\"ae708f9\" data-element_type=\"widget\" data-e-type=\"widget\" data-widget_type=\"text-editor.default\">\n\t\t\t\t<div class=\"elementor-widget-container\">\n\t\t\t\t\t\t\t\t\t<p style=\"text-align:center; color:#555; font-size:16px; line-height:1.6; max-width:600px; margin:0 auto;\">A QLP Group \u00e9 representante exclusiva da FireSeal no Brasil. Entre em contato para conhecer nossas solu\u00e7\u00f5es em veda\u00e7\u00e3o contra inc\u00eandios para os setores naval, offshore e industrial.<\/p>\t\t\t\t\t\t\t\t<\/div>\n\t\t\t\t<\/div>\n\t\t\t\t<div class=\"elementor-element elementor-element-997ff81 elementor-align-center elementor-widget elementor-widget-button\" data-id=\"997ff81\" data-element_type=\"widget\" data-e-type=\"widget\" data-widget_type=\"button.default\">\n\t\t\t\t<div class=\"elementor-widget-container\">\n\t\t\t\t\t\t\t\t\t<div class=\"elementor-button-wrapper\">\n\t\t\t\t\t<a class=\"elementor-button elementor-button-link elementor-size-sm\" href=\"\/en\/contato\/\">\n\t\t\t\t\t\t<span class=\"elementor-button-content-wrapper\">\n\t\t\t\t\t\t\t\t\t<span class=\"elementor-button-text\">ENTRE EM CONTATO<\/span>\n\t\t\t\t\t<\/span>\n\t\t\t\t\t<\/a>\n\t\t\t\t<\/div>\n\t\t\t\t\t\t\t\t<\/div>\n\t\t\t\t<\/div>\n\t\t\t\t\t<\/div>\n\t\t\t\t<\/div>\n\t\t\t\t<\/div>","protected":false},"excerpt":{"rendered":"<p>FireSeal A QLP Group \u00e9 representante oficial da FireSeal no Brasil, empresa sueca que desenvolve e comercializa sistemas de veda\u00e7\u00e3o contra inc\u00eandios. Origem e Miss\u00e3o Fundada h\u00e1 mais de 40 anos na Su\u00e9cia, a FireSeal nasceu de uma miss\u00e3o do governo sueco para desenvolver sistemas de veda\u00e7\u00e3o contra inc\u00eandios para usinas nucleares. Desde ent\u00e3o, expandiu [&hellip;]<\/p>\n","protected":false},"author":2,"featured_media":0,"parent":0,"menu_order":0,"comment_status":"closed","ping_status":"closed","template":"elementor_header_footer","meta":{"footnotes":""},"class_list":["post-2499","page","type-page","status-publish","hentry"],"_links":{"self":[{"href":"https:\/\/qlpgroup.com.br\/en\/wp-json\/wp\/v2\/pages\/2499","targetHints":{"allow":["GET"]}}],"collection":[{"href":"https:\/\/qlpgroup.com.br\/en\/wp-json\/wp\/v2\/pages"}],"about":[{"href":"https:\/\/qlpgroup.com.br\/en\/wp-json\/wp\/v2\/types\/page"}],"author":[{"embeddable":true,"href":"https:\/\/qlpgroup.com.br\/en\/wp-json\/wp\/v2\/users\/2"}],"replies":[{"embeddable":true,"href":"https:\/\/qlpgroup.com.br\/en\/wp-json\/wp\/v2\/comments?post=2499"}],"version-history":[{"count":5,"href":"https:\/\/qlpgroup.com.br\/en\/wp-json\/wp\/v2\/pages\/2499\/revisions"}],"predecessor-version":[{"id":2969,"href":"https:\/\/qlpgroup.com.br\/en\/wp-json\/wp\/v2\/pages\/2499\/revisions\/2969"}],"wp:attachment":[{"href":"https:\/\/qlpgroup.com.br\/en\/wp-json\/wp\/v2\/media?parent=2499"}],"curies":[{"name":"wp","href":"https:\/\/api.w.org\/{rel}","templated":true}]}}