{"id":2495,"date":"2026-03-27T08:15:22","date_gmt":"2026-03-27T11:15:22","guid":{"rendered":"https:\/\/qlpgroup.com.br\/?page_id=2495"},"modified":"2026-04-10T11:02:34","modified_gmt":"2026-04-10T14:02:34","slug":"dennis-nakakita","status":"publish","type":"page","link":"https:\/\/qlpgroup.com.br\/en\/dennis-nakakita\/","title":{"rendered":"Dennis Nakakita"},"content":{"rendered":"<div data-elementor-type=\"wp-page\" data-elementor-id=\"2495\" class=\"elementor elementor-2495\">\n\t\t\t\t<div class=\"elementor-element elementor-element-04b21f2 e-con-full e-flex e-con e-parent\" data-id=\"04b21f2\" data-element_type=\"container\" data-e-type=\"container\" data-settings=\"{&quot;background_background&quot;:&quot;classic&quot;}\">\n\t\t\t\t<div class=\"elementor-element elementor-element-0ca86ab elementor-widget elementor-widget-heading\" data-id=\"0ca86ab\" data-element_type=\"widget\" data-e-type=\"widget\" data-widget_type=\"heading.default\">\n\t\t\t\t<div class=\"elementor-widget-container\">\n\t\t\t\t\t<h1 class=\"elementor-heading-title elementor-size-default\">Dennis Nakakita<\/h1>\t\t\t\t<\/div>\n\t\t\t\t<\/div>\n\t\t\t\t<div class=\"elementor-element elementor-element-fadb55d elementor-widget elementor-widget-text-editor\" data-id=\"fadb55d\" data-element_type=\"widget\" data-e-type=\"widget\" data-widget_type=\"text-editor.default\">\n\t\t\t\t<div class=\"elementor-widget-container\">\n\t\t\t\t\t\t\t\t\t<p style=\"color:#FFFFFF; text-align:center; font-size:17px; font-weight:400; line-height:1.6; max-width:800px; margin:0 auto;\">A QLP Group \u00e9 representante oficial da Dennis Nakakita no Brasil, empresa criada em 1973 em parceria entre as japonesas Nakakita Seisakusho, Co, Ltd e Nissho Iwai, Co, Ltd e acionistas espanh\u00f3is, com suporte t\u00e9cnico da Nakakita Seisakusho, Co, Ltd.<\/p>\t\t\t\t\t\t\t\t<\/div>\n\t\t\t\t<\/div>\n\t\t\t\t<\/div>\n\t\t<div class=\"elementor-element elementor-element-daa01be e-flex e-con-boxed e-con e-parent\" data-id=\"daa01be\" data-element_type=\"container\" data-e-type=\"container\" data-settings=\"{&quot;background_background&quot;:&quot;classic&quot;}\">\n\t\t\t\t\t<div class=\"e-con-inner\">\n\t\t\t\t<div class=\"elementor-element elementor-element-a7c6f18 elementor-widget elementor-widget-html\" data-id=\"a7c6f18\" data-element_type=\"widget\" data-e-type=\"widget\" data-widget_type=\"html.default\">\n\t\t\t\t<div class=\"elementor-widget-container\">\n\t\t\t\t\t<div style=\"text-align:center;\"><img decoding=\"async\" src=\"https:\/\/qlpgroup.com.br\/wp-content\/uploads\/2026\/03\/dennis-nakakita_-logo.png\" alt=\"Dennis Nakakita Logo\" style=\"max-height:120px; width:auto;\"><\/div>\t\t\t\t<\/div>\n\t\t\t\t<\/div>\n\t\t\t\t\t<\/div>\n\t\t\t\t<\/div>\n\t\t<div class=\"elementor-element elementor-element-5141eaf e-con-full e-flex e-con e-parent\" data-id=\"5141eaf\" data-element_type=\"container\" data-e-type=\"container\" data-settings=\"{&quot;background_background&quot;:&quot;classic&quot;}\">\n\t\t<div class=\"elementor-element elementor-element-63c7135 e-con-full e-flex e-con e-child\" data-id=\"63c7135\" data-element_type=\"container\" data-e-type=\"container\">\n\t\t<div class=\"elementor-element elementor-element-d503b68 e-con-full e-flex e-con e-child\" data-id=\"d503b68\" data-element_type=\"container\" data-e-type=\"container\" data-settings=\"{&quot;background_background&quot;:&quot;classic&quot;}\">\n\t\t\t\t<div class=\"elementor-element elementor-element-89103d5 elementor-widget elementor-widget-html\" data-id=\"89103d5\" data-element_type=\"widget\" data-e-type=\"widget\" data-widget_type=\"html.default\">\n\t\t\t\t<div class=\"elementor-widget-container\">\n\t\t\t\t\t<div style=\"text-align:center;\"><div style=\"width:60px;height:60px;background:#F57E28;border-radius:50%;display:flex;align-items:center;justify-content:center;margin:0 auto 15px;\"><svg width=\"28\" height=\"28\" fill=\"white\" viewbox=\"0 0 24 24\"><path d=\"M12 2C6.48 2 2 6.48 2 12s4.48 10 10 10 10-4.48 10-10S17.52 2 12 2zm-1 17.93c-3.95-.49-7-3.85-7-7.93 0-.62.08-1.21.21-1.79L9 15v1c0 1.1.9 2 2 2v1.93zm6.9-2.54c-.26-.81-1-1.39-1.9-1.39h-1v-3c0-.55-.45-1-1-1H8v-2h2c.55 0 1-.45 1-1V7h2c1.1 0 2-.9 2-2v-.41c2.93 1.19 5 4.06 5 7.41 0 2.08-.8 3.97-2.1 5.39z\"\/><\/svg><\/div><h3 style=\"color:#22576C; font-size:22px; font-weight:700; margin-bottom:12px;\"> Hist\u00f3ria<\/h3><p style=\"color:#555; font-size:14px; line-height:1.6;\">Fundada em 1973 com a participa\u00e7\u00e3o de empresas japonesas, a Dennis Nakakita trouxe ao mercado a engenharia e qualidade japonesa em v\u00e1lvulas e atuadores para aplica\u00e7\u00f5es navais e industriais. Uma hist\u00f3ria de mais de 50 anos de excel\u00eancia.<\/p><\/div>\t\t\t\t<\/div>\n\t\t\t\t<\/div>\n\t\t\t\t<\/div>\n\t\t<div class=\"elementor-element elementor-element-4824eb1 e-con-full e-flex e-con e-child\" data-id=\"4824eb1\" data-element_type=\"container\" data-e-type=\"container\" data-settings=\"{&quot;background_background&quot;:&quot;classic&quot;}\">\n\t\t\t\t<div class=\"elementor-element elementor-element-2b65e6c elementor-widget elementor-widget-html\" data-id=\"2b65e6c\" data-element_type=\"widget\" data-e-type=\"widget\" data-widget_type=\"html.default\">\n\t\t\t\t<div class=\"elementor-widget-container\">\n\t\t\t\t\t<div style=\"text-align:center;\"><div style=\"width:60px;height:60px;background:#F57E28;border-radius:50%;display:flex;align-items:center;justify-content:center;margin:0 auto 15px;\"><svg width=\"28\" height=\"28\" fill=\"white\" viewbox=\"0 0 24 24\"><path d=\"M12 1L3 5v6c0 5.55 3.84 10.74 9 12 5.16-1.26 9-6.45 9-12V5l-9-4zm-2 16l-4-4 1.41-1.41L10 14.17l6.59-6.59L18 9l-8 8z\"\/><\/svg><\/div><h3 style=\"color:#22576C; font-size:22px; font-weight:700; margin-bottom:12px;\">Certifica\u00e7\u00f5es e Qualidade<\/h3><p style=\"color:#555; font-size:14px; line-height:1.6;\">Sistema de qualidade certificado ISO 9001 por entidades como DNV, Bureau Veritas e Lloyd's. Produtos com certifica\u00e7\u00e3o CE, garantindo conformidade com os mais altos padr\u00f5es internacionais.<\/p><\/div>\t\t\t\t<\/div>\n\t\t\t\t<\/div>\n\t\t\t\t<\/div>\n\t\t<div class=\"elementor-element elementor-element-b6ff462 e-con-full e-flex e-con e-child\" data-id=\"b6ff462\" data-element_type=\"container\" data-e-type=\"container\" data-settings=\"{&quot;background_background&quot;:&quot;classic&quot;}\">\n\t\t\t\t<div class=\"elementor-element elementor-element-695cc3d elementor-widget elementor-widget-html\" data-id=\"695cc3d\" data-element_type=\"widget\" data-e-type=\"widget\" data-widget_type=\"html.default\">\n\t\t\t\t<div class=\"elementor-widget-container\">\n\t\t\t\t\t<div style=\"text-align:center;\"><div style=\"width:60px;height:60px;background:#F57E28;border-radius:50%;display:flex;align-items:center;justify-content:center;margin:0 auto 15px;\"><svg width=\"28\" height=\"28\" fill=\"white\" viewbox=\"0 0 24 24\"><path d=\"M22.7 19l-9.1-9.1c.9-2.3.4-5-1.5-6.9-2-2-5-2.4-7.4-1.3L9 6 6 9 1.6 4.7C.4 7.1.9 10.1 2.9 12.1c1.9 1.9 4.6 2.4 6.9 1.5l9.1 9.1c.4.4 1 .4 1.4 0l2.3-2.3c.5-.4.5-1.1.1-1.4z\"\/><\/svg><\/div><h3 style=\"color:#22576C; font-size:22px; font-weight:700; margin-bottom:12px;\">Engenharia Pr\u00f3pria<\/h3><p style=\"color:#555; font-size:14px; line-height:1.6;\">Especializada em v\u00e1lvulas de borboleta conc\u00eantricas e exc\u00eantricas, atuadores e sistemas de controle remoto. Engenharia pr\u00f3pria voltada para o setor naval e industrial com solu\u00e7\u00f5es sob medida.<\/p><\/div>\t\t\t\t<\/div>\n\t\t\t\t<\/div>\n\t\t\t\t<\/div>\n\t\t\t\t<\/div>\n\t\t\t\t<\/div>\n\t\t<div class=\"elementor-element elementor-element-a3eeec0 e-con-full e-flex e-con e-parent\" data-id=\"a3eeec0\" data-element_type=\"container\" data-e-type=\"container\" data-settings=\"{&quot;background_background&quot;:&quot;classic&quot;}\">\n\t\t\t\t<div class=\"elementor-element elementor-element-7c01147 elementor-widget-divider--view-line elementor-widget elementor-widget-divider\" data-id=\"7c01147\" data-element_type=\"widget\" data-e-type=\"widget\" data-widget_type=\"divider.default\">\n\t\t\t\t<div class=\"elementor-widget-container\">\n\t\t\t\t\t\t\t<div class=\"elementor-divider\">\n\t\t\t<span class=\"elementor-divider-separator\">\n\t\t\t\t\t\t<\/span>\n\t\t<\/div>\n\t\t\t\t\t\t<\/div>\n\t\t\t\t<\/div>\n\t\t\t\t<div class=\"elementor-element elementor-element-5d460ce elementor-widget elementor-widget-heading\" data-id=\"5d460ce\" data-element_type=\"widget\" data-e-type=\"widget\" data-widget_type=\"heading.default\">\n\t\t\t\t<div class=\"elementor-widget-container\">\n\t\t\t\t\t<h2 class=\"elementor-heading-title elementor-size-default\">Produtos:<\/h2>\t\t\t\t<\/div>\n\t\t\t\t<\/div>\n\t\t<div class=\"elementor-element elementor-element-354119c e-con-full e-flex e-con e-child\" data-id=\"354119c\" data-element_type=\"container\" data-e-type=\"container\">\n\t\t<div class=\"elementor-element elementor-element-4f8d292 e-con-full e-flex e-con e-child\" data-id=\"4f8d292\" data-element_type=\"container\" data-e-type=\"container\" data-settings=\"{&quot;background_background&quot;:&quot;classic&quot;}\">\n\t\t\t\t<div class=\"elementor-element elementor-element-4597745 elementor-widget elementor-widget-html\" data-id=\"4597745\" data-element_type=\"widget\" data-e-type=\"widget\" data-widget_type=\"html.default\">\n\t\t\t\t<div class=\"elementor-widget-container\">\n\t\t\t\t\t<div style=\"display:flex; flex-direction:column; align-items:center; text-align:center; padding:10px; height:100%;\"><div style=\"background:#f0f4f5; border-radius:8px; padding:20px; margin-bottom:16px; width:100%; display:flex; align-items:center; justify-content:center; min-height:200px;\"><img decoding=\"async\" src=\"https:\/\/qlpgroup.com.br\/wp-content\/uploads\/2025\/03\/Screenshot-2025-03-28-at-19.35.30.jpg\" alt=\"V\u00e1lvulas de Borboleta Conc\u00eantricas\" style=\"max-height:180px; width:auto; max-width:100%; object-fit:contain;\" \/><\/div><h4 style=\"font-family:Montserrat,sans-serif; font-weight:700; font-size:22px; color:#22576C; margin-bottom:12px;\">V\u00e1lvulas de Borboleta Conc\u00eantricas<\/h4><p style=\"font-family:Source Sans Pro,sans-serif; font-size:16px; line-height:1.7; color:#4A4A4A; flex-grow:1; margin-bottom:16px;\">V\u00e1lvulas de borboleta com desenho conc\u00eantrico para aplica\u00e7\u00f5es navais e industriais.<\/p>\n  <a href=\"https:\/\/www.dennisnakakita.com\/products\/butterfly-valve\/concentric\/\" target=\"_blank\" rel=\"noopener noreferrer nofollow\" style=\"display:inline-block; background:#F57E28; color:#fff; font-family:Montserrat,sans-serif; font-weight:600; font-size:14px; padding:10px 24px; border-radius:5px; text-decoration:none;\">Saiba Mais<\/a>\n<\/div>\t\t\t\t<\/div>\n\t\t\t\t<\/div>\n\t\t\t\t<\/div>\n\t\t<div class=\"elementor-element elementor-element-196059b e-con-full e-flex e-con e-child\" data-id=\"196059b\" data-element_type=\"container\" data-e-type=\"container\" data-settings=\"{&quot;background_background&quot;:&quot;classic&quot;}\">\n\t\t\t\t<div class=\"elementor-element elementor-element-b542a1c elementor-widget elementor-widget-html\" data-id=\"b542a1c\" data-element_type=\"widget\" data-e-type=\"widget\" data-widget_type=\"html.default\">\n\t\t\t\t<div class=\"elementor-widget-container\">\n\t\t\t\t\t<div style=\"display:flex; flex-direction:column; align-items:center; text-align:center; padding:10px; height:100%;\"><div style=\"background:#f0f4f5; border-radius:8px; padding:20px; margin-bottom:16px; width:100%; display:flex; align-items:center; justify-content:center; min-height:200px;\"><img decoding=\"async\" src=\"https:\/\/qlpgroup.com.br\/wp-content\/uploads\/2025\/03\/Screenshot-2025-03-28-at-19.35.30.jpg\" alt=\"V\u00e1lvulas de Borboleta Exc\u00eantricas\" style=\"max-height:180px; width:auto; max-width:100%; object-fit:contain;\" \/><\/div><h4 style=\"font-family:Montserrat,sans-serif; font-weight:700; font-size:22px; color:#22576C; margin-bottom:12px;\">V\u00e1lvulas de Borboleta Exc\u00eantricas<\/h4><p style=\"font-family:Source Sans Pro,sans-serif; font-size:16px; line-height:1.7; color:#4A4A4A; flex-grow:1; margin-bottom:16px;\">V\u00e1lvulas de borboleta com desenho exc\u00eantrico de alto desempenho para condi\u00e7\u00f5es severas.<\/p>\n  <a href=\"https:\/\/www.dennisnakakita.com\/products\/butterfly-valve\/eccentric\/\" target=\"_blank\" rel=\"noopener noreferrer nofollow\" style=\"display:inline-block; background:#F57E28; color:#fff; font-family:Montserrat,sans-serif; font-weight:600; font-size:14px; padding:10px 24px; border-radius:5px; text-decoration:none;\">Saiba Mais<\/a>\n<\/div>\t\t\t\t<\/div>\n\t\t\t\t<\/div>\n\t\t\t\t<\/div>\n\t\t<div class=\"elementor-element elementor-element-87afebd e-con-full e-flex e-con e-child\" data-id=\"87afebd\" data-element_type=\"container\" data-e-type=\"container\" data-settings=\"{&quot;background_background&quot;:&quot;classic&quot;}\">\n\t\t\t\t<div class=\"elementor-element elementor-element-b326f3b elementor-widget elementor-widget-html\" data-id=\"b326f3b\" data-element_type=\"widget\" data-e-type=\"widget\" data-widget_type=\"html.default\">\n\t\t\t\t<div class=\"elementor-widget-container\">\n\t\t\t\t\t<div style=\"display:flex; flex-direction:column; align-items:center; text-align:center; padding:10px; height:100%;\"><div style=\"background:#f0f4f5; border-radius:8px; padding:20px; margin-bottom:16px; width:100%; display:flex; align-items:center; justify-content:center; min-height:200px;\"><img decoding=\"async\" src=\"https:\/\/qlpgroup.com.br\/wp-content\/uploads\/2025\/03\/Sistema_de_Control.jpg\" alt=\"Sistema de Controle Remoto\" style=\"max-height:180px; width:auto; max-width:100%; object-fit:contain;\" \/><\/div><h4 style=\"font-family:Montserrat,sans-serif; font-weight:700; font-size:22px; color:#22576C; margin-bottom:12px;\">Sistema de Controle Remoto<\/h4><p style=\"font-family:Source Sans Pro,sans-serif; font-size:16px; line-height:1.7; color:#4A4A4A; flex-grow:1; margin-bottom:16px;\">Sistemas de controle remoto para opera\u00e7\u00e3o segura de v\u00e1lvulas e equipamentos a dist\u00e2ncia.<\/p>\n  <a href=\"https:\/\/www.dennisnakakita.com\/products\/remote-control-system\/\" target=\"_blank\" rel=\"noopener noreferrer nofollow\" style=\"display:inline-block; background:#F57E28; color:#fff; font-family:Montserrat,sans-serif; font-weight:600; font-size:14px; padding:10px 24px; border-radius:5px; text-decoration:none;\">Saiba Mais<\/a>\n<\/div>\t\t\t\t<\/div>\n\t\t\t\t<\/div>\n\t\t\t\t<\/div>\n\t\t\t\t<\/div>\n\t\t<div class=\"elementor-element elementor-element-acdb40f e-con-full e-flex e-con e-child\" data-id=\"acdb40f\" data-element_type=\"container\" data-e-type=\"container\">\n\t\t<div class=\"elementor-element elementor-element-24ccbf5 e-con-full e-flex e-con e-child\" data-id=\"24ccbf5\" data-element_type=\"container\" data-e-type=\"container\" data-settings=\"{&quot;background_background&quot;:&quot;classic&quot;}\">\n\t\t\t\t<div class=\"elementor-element elementor-element-ba4a334 elementor-widget elementor-widget-html\" data-id=\"ba4a334\" data-element_type=\"widget\" data-e-type=\"widget\" data-widget_type=\"html.default\">\n\t\t\t\t<div class=\"elementor-widget-container\">\n\t\t\t\t\t<div style=\"display:flex; flex-direction:column; align-items:center; text-align:center; padding:10px; height:100%;\"><div style=\"background:#f0f4f5; border-radius:8px; padding:20px; margin-bottom:16px; width:100%; display:flex; align-items:center; justify-content:center; min-height:200px;\"><img decoding=\"async\" src=\"https:\/\/qlpgroup.com.br\/wp-content\/uploads\/2025\/03\/AME_husillo1_600x600.png\" alt=\"Actuador Manual de Emerg\u00eancia\" style=\"max-height:180px; width:auto; max-width:100%; object-fit:contain;\" \/><\/div><h4 style=\"font-family:Montserrat,sans-serif; font-weight:700; font-size:22px; color:#22576C; margin-bottom:12px;\">Actuador Manual de Emerg\u00eancia<\/h4><p style=\"font-family:Source Sans Pro,sans-serif; font-size:16px; line-height:1.7; color:#4A4A4A; flex-grow:1; margin-bottom:16px;\">Atuadores manuais para opera\u00e7\u00f5es de emerg\u00eancia em v\u00e1lvulas e equipamentos cr\u00edticos.<\/p>\n  <a href=\"https:\/\/www.dennisnakakita.com\/products\/accesories\/emergency-manual-actuator\/\" target=\"_blank\" rel=\"noopener noreferrer nofollow\" style=\"display:inline-block; background:#F57E28; color:#fff; font-family:Montserrat,sans-serif; font-weight:600; font-size:14px; padding:10px 24px; border-radius:5px; text-decoration:none;\">Saiba Mais<\/a>\n<\/div>\t\t\t\t<\/div>\n\t\t\t\t<\/div>\n\t\t\t\t<\/div>\n\t\t<div class=\"elementor-element elementor-element-d027159 e-con-full e-flex e-con e-child\" data-id=\"d027159\" data-element_type=\"container\" data-e-type=\"container\" data-settings=\"{&quot;background_background&quot;:&quot;classic&quot;}\">\n\t\t\t\t<div class=\"elementor-element elementor-element-fa8d233 elementor-widget elementor-widget-html\" data-id=\"fa8d233\" data-element_type=\"widget\" data-e-type=\"widget\" data-widget_type=\"html.default\">\n\t\t\t\t<div class=\"elementor-widget-container\">\n\t\t\t\t\t<div style=\"display:flex; flex-direction:column; align-items:center; text-align:center; padding:10px; height:100%;\"><div style=\"background:#f0f4f5; border-radius:8px; padding:20px; margin-bottom:16px; width:100%; display:flex; align-items:center; justify-content:center; min-height:200px;\"><img decoding=\"async\" src=\"https:\/\/qlpgroup.com.br\/wp-content\/uploads\/2025\/03\/sinalizacao.png\" alt=\"Sinaliza\u00e7\u00e3o\" style=\"max-height:180px; width:auto; max-width:100%; object-fit:contain;\" \/><\/div><h4 style=\"font-family:Montserrat,sans-serif; font-weight:700; font-size:22px; color:#22576C; margin-bottom:12px;\">Sinaliza\u00e7\u00e3o<\/h4><p style=\"font-family:Source Sans Pro,sans-serif; font-size:16px; line-height:1.7; color:#4A4A4A; flex-grow:1; margin-bottom:16px;\">Sistemas de sinaliza\u00e7\u00e3o para monitoramento e indica\u00e7\u00e3o do estado de v\u00e1lvulas e equipamentos.<\/p>\n  <a href=\"https:\/\/www.dennisnakakita.com\/products\/accesories\/signalling\/\" target=\"_blank\" rel=\"noopener noreferrer nofollow\" style=\"display:inline-block; background:#F57E28; color:#fff; font-family:Montserrat,sans-serif; font-weight:600; font-size:14px; padding:10px 24px; border-radius:5px; text-decoration:none;\">Saiba Mais<\/a>\n<\/div>\t\t\t\t<\/div>\n\t\t\t\t<\/div>\n\t\t\t\t<\/div>\n\t\t<div class=\"elementor-element elementor-element-cf44ad5 e-con-full e-flex e-con e-child\" data-id=\"cf44ad5\" data-element_type=\"container\" data-e-type=\"container\" data-settings=\"{&quot;background_background&quot;:&quot;classic&quot;}\">\n\t\t\t\t<div class=\"elementor-element elementor-element-09662fe elementor-widget elementor-widget-html\" data-id=\"09662fe\" data-element_type=\"widget\" data-e-type=\"widget\" data-widget_type=\"html.default\">\n\t\t\t\t<div class=\"elementor-widget-container\">\n\t\t\t\t\t<div style=\"display:flex; flex-direction:column; align-items:center; text-align:center; padding:10px; height:100%;\"><div style=\"background:#f0f4f5; border-radius:8px; padding:20px; margin-bottom:16px; width:100%; display:flex; align-items:center; justify-content:center; min-height:200px;\"><img decoding=\"async\" src=\"https:\/\/qlpgroup.com.br\/wp-content\/uploads\/2025\/03\/pumps2_700x700-300x300-1.png\" alt=\"Bombas Manuais para Emerg\u00eancia\" style=\"max-height:180px; width:auto; max-width:100%; object-fit:contain;\" \/><\/div><h4 style=\"font-family:Montserrat,sans-serif; font-weight:700; font-size:22px; color:#22576C; margin-bottom:12px;\">Bombas Manuais para Emerg\u00eancia<\/h4><p style=\"font-family:Source Sans Pro,sans-serif; font-size:16px; line-height:1.7; color:#4A4A4A; flex-grow:1; margin-bottom:16px;\">Bombas manuais projetadas para opera\u00e7\u00f5es de emerg\u00eancia em sistemas hidr\u00e1ulicos navais.<\/p>\n  <a href=\"https:\/\/www.dennisnakakita.com\/products\/accesories\/hand-pumps-for-emergency-operation\/\" target=\"_blank\" rel=\"noopener noreferrer nofollow\" style=\"display:inline-block; background:#F57E28; color:#fff; font-family:Montserrat,sans-serif; font-weight:600; font-size:14px; padding:10px 24px; border-radius:5px; text-decoration:none;\">Saiba Mais<\/a>\n<\/div>\t\t\t\t<\/div>\n\t\t\t\t<\/div>\n\t\t\t\t<\/div>\n\t\t\t\t<\/div>\n\t\t\t\t<\/div>\n\t\t<div class=\"elementor-element elementor-element-baac150 e-flex e-con-boxed e-con e-parent\" data-id=\"baac150\" data-element_type=\"container\" data-e-type=\"container\" data-settings=\"{&quot;background_background&quot;:&quot;classic&quot;}\">\n\t\t\t\t\t<div class=\"e-con-inner\">\n\t\t\t\t<div class=\"elementor-element elementor-element-4c39e9b elementor-widget-divider--view-line elementor-widget elementor-widget-divider\" data-id=\"4c39e9b\" data-element_type=\"widget\" data-e-type=\"widget\" data-widget_type=\"divider.default\">\n\t\t\t\t<div class=\"elementor-widget-container\">\n\t\t\t\t\t\t\t<div class=\"elementor-divider\">\n\t\t\t<span class=\"elementor-divider-separator\">\n\t\t\t\t\t\t<\/span>\n\t\t<\/div>\n\t\t\t\t\t\t<\/div>\n\t\t\t\t<\/div>\n\t\t\t\t<div class=\"elementor-element elementor-element-3b0f6b4 elementor-widget elementor-widget-heading\" data-id=\"3b0f6b4\" data-element_type=\"widget\" data-e-type=\"widget\" data-widget_type=\"heading.default\">\n\t\t\t\t<div class=\"elementor-widget-container\">\n\t\t\t\t\t<h2 class=\"elementor-heading-title elementor-size-default\">Vamos Trabalhar Juntos?<\/h2>\t\t\t\t<\/div>\n\t\t\t\t<\/div>\n\t\t\t\t<div class=\"elementor-element elementor-element-eaacffe elementor-widget elementor-widget-text-editor\" data-id=\"eaacffe\" data-element_type=\"widget\" data-e-type=\"widget\" data-widget_type=\"text-editor.default\">\n\t\t\t\t<div class=\"elementor-widget-container\">\n\t\t\t\t\t\t\t\t\t<p style=\"text-align:center; color:#555; font-size:16px; line-height:1.6; max-width:600px; margin:0 auto;\">A QLP Group \u00e9 representante exclusiva da Dennis Nakakita no Brasil. Entre em contato para conhecer nossas solu\u00e7\u00f5es em v\u00e1lvulas e atuadores para o setor naval e industrial.<\/p>\t\t\t\t\t\t\t\t<\/div>\n\t\t\t\t<\/div>\n\t\t\t\t<div class=\"elementor-element elementor-element-5ce7e34 elementor-align-center elementor-button-default elementor-widget elementor-widget-button\" data-id=\"5ce7e34\" data-element_type=\"widget\" data-e-type=\"widget\" data-widget_type=\"button.default\">\n\t\t\t\t<div class=\"elementor-widget-container\">\n\t\t\t\t\t\t\t\t\t<div class=\"elementor-button-wrapper\">\n\t\t\t\t\t<a class=\"elementor-button elementor-button-link elementor-size-sm\" href=\"\/en\/contato\/\">\n\t\t\t\t\t\t<span class=\"elementor-button-content-wrapper\">\n\t\t\t\t\t\t\t\t\t<span class=\"elementor-button-text\">ENTRE EM CONTATO<\/span>\n\t\t\t\t\t<\/span>\n\t\t\t\t\t<\/a>\n\t\t\t\t<\/div>\n\t\t\t\t\t\t\t\t<\/div>\n\t\t\t\t<\/div>\n\t\t\t\t\t<\/div>\n\t\t\t\t<\/div>\n\t\t\t\t<\/div>","protected":false},"excerpt":{"rendered":"<p>Dennis Nakakita A QLP Group \u00e9 representante oficial da Dennis Nakakita no Brasil, empresa criada em 1973 em parceria entre as japonesas Nakakita Seisakusho, Co, Ltd e Nissho Iwai, Co, Ltd e acionistas espanh\u00f3is, com suporte t\u00e9cnico da Nakakita Seisakusho, Co, Ltd. Hist\u00f3ria Fundada em 1973 com a participa\u00e7\u00e3o de empresas japonesas, a Dennis Nakakita [&hellip;]<\/p>\n","protected":false},"author":2,"featured_media":0,"parent":0,"menu_order":0,"comment_status":"closed","ping_status":"closed","template":"elementor_header_footer","meta":{"footnotes":""},"class_list":["post-2495","page","type-page","status-publish","hentry"],"_links":{"self":[{"href":"https:\/\/qlpgroup.com.br\/en\/wp-json\/wp\/v2\/pages\/2495","targetHints":{"allow":["GET"]}}],"collection":[{"href":"https:\/\/qlpgroup.com.br\/en\/wp-json\/wp\/v2\/pages"}],"about":[{"href":"https:\/\/qlpgroup.com.br\/en\/wp-json\/wp\/v2\/types\/page"}],"author":[{"embeddable":true,"href":"https:\/\/qlpgroup.com.br\/en\/wp-json\/wp\/v2\/users\/2"}],"replies":[{"embeddable":true,"href":"https:\/\/qlpgroup.com.br\/en\/wp-json\/wp\/v2\/comments?post=2495"}],"version-history":[{"count":5,"href":"https:\/\/qlpgroup.com.br\/en\/wp-json\/wp\/v2\/pages\/2495\/revisions"}],"predecessor-version":[{"id":2966,"href":"https:\/\/qlpgroup.com.br\/en\/wp-json\/wp\/v2\/pages\/2495\/revisions\/2966"}],"wp:attachment":[{"href":"https:\/\/qlpgroup.com.br\/en\/wp-json\/wp\/v2\/media?parent=2495"}],"curies":[{"name":"wp","href":"https:\/\/api.w.org\/{rel}","templated":true}]}}