{"id":2477,"date":"2026-03-27T08:15:16","date_gmt":"2026-03-27T11:15:16","guid":{"rendered":"https:\/\/qlpgroup.com.br\/?page_id=2477"},"modified":"2026-04-10T14:01:00","modified_gmt":"2026-04-10T17:01:00","slug":"ametek-solid-state-controls","status":"publish","type":"page","link":"https:\/\/qlpgroup.com.br\/en\/ametek-solid-state-controls\/","title":{"rendered":"AMETEK Solid State Controls"},"content":{"rendered":"<div data-elementor-type=\"wp-page\" data-elementor-id=\"2477\" class=\"elementor elementor-2477\">\n\t\t\t\t<div class=\"elementor-element elementor-element-953ee42 e-con-full e-flex e-con e-parent\" data-id=\"953ee42\" data-element_type=\"container\" data-e-type=\"container\" data-settings=\"{&quot;background_background&quot;:&quot;classic&quot;}\">\n\t\t\t\t<div class=\"elementor-element elementor-element-76e9bee elementor-widget elementor-widget-heading\" data-id=\"76e9bee\" data-element_type=\"widget\" data-e-type=\"widget\" data-widget_type=\"heading.default\">\n\t\t\t\t<div class=\"elementor-widget-container\">\n\t\t\t\t\t<h1 class=\"elementor-heading-title elementor-size-default\">Ametek<\/h1>\t\t\t\t<\/div>\n\t\t\t\t<\/div>\n\t\t\t\t<div class=\"elementor-element elementor-element-48cd96c elementor-widget elementor-widget-text-editor\" data-id=\"48cd96c\" data-element_type=\"widget\" data-e-type=\"widget\" data-widget_type=\"text-editor.default\">\n\t\t\t\t<div class=\"elementor-widget-container\">\n\t\t\t\t\t\t\t\t\t<p style=\"text-align: center; color: #fff; font-size: 18px; max-width: 820px; margin: 0 auto;\">A QLP Group \u00e9 representante oficial da AMETEK no Brasil, refer\u00eancia mundial desde 1962 em solu\u00e7\u00f5es de qualidade de energia para ambientes industriais cr\u00edticos, como sistemas UPS, inversores e condicionadores de energia.<\/p>\t\t\t\t\t\t\t\t<\/div>\n\t\t\t\t<\/div>\n\t\t\t\t<\/div>\n\t\t<div class=\"elementor-element elementor-element-74b114b e-flex e-con-boxed e-con e-parent\" data-id=\"74b114b\" data-element_type=\"container\" data-e-type=\"container\" data-settings=\"{&quot;background_background&quot;:&quot;classic&quot;}\">\n\t\t\t\t\t<div class=\"e-con-inner\">\n\t\t\t\t<div class=\"elementor-element elementor-element-ea069a7 elementor-widget elementor-widget-html\" data-id=\"ea069a7\" data-element_type=\"widget\" data-e-type=\"widget\" data-widget_type=\"html.default\">\n\t\t\t\t<div class=\"elementor-widget-container\">\n\t\t\t\t\t<div style=\"text-align:center;\"><img decoding=\"async\" src=\"\/wp-content\/uploads\/2026\/03\/ametek-copiar.png\" alt=\"AMETEK Solidstate Controls\" style=\"max-width:350px; height:auto;\" onerror=\"this.style.display='none'; this.parentElement.innerHTML='<div style=\\'text-align:center\\'><h2 style=\\'font-family:Arial,sans-serif; font-weight:900; font-size:36px; color:#333; margin:0;\\'>AMETEK<sup style=\\'font-size:14px\\'>\u00ae<\/sup><\/h2><h3 style=\\'font-family:Arial,sans-serif; font-weight:700; font-size:20px; color:#555; margin:5px 0 0; letter-spacing:3px;\\'>SOLIDSTATE CONTROLS<\/h3><\/div>';\"><\/div>\t\t\t\t<\/div>\n\t\t\t\t<\/div>\n\t\t\t\t\t<\/div>\n\t\t\t\t<\/div>\n\t\t<div class=\"elementor-element elementor-element-93fe73c e-con-full e-flex e-con e-parent\" data-id=\"93fe73c\" data-element_type=\"container\" data-e-type=\"container\" data-settings=\"{&quot;background_background&quot;:&quot;classic&quot;}\">\n\t\t<div class=\"elementor-element elementor-element-607fb57 e-con-full e-flex e-con e-child\" data-id=\"607fb57\" data-element_type=\"container\" data-e-type=\"container\">\n\t\t<div class=\"elementor-element elementor-element-f879c18 e-con-full e-flex e-con e-child\" data-id=\"f879c18\" data-element_type=\"container\" data-e-type=\"container\" data-settings=\"{&quot;background_background&quot;:&quot;classic&quot;}\">\n\t\t\t\t<div class=\"elementor-element elementor-element-8a5cfcb elementor-view-default elementor-widget elementor-widget-icon\" data-id=\"8a5cfcb\" data-element_type=\"widget\" data-e-type=\"widget\" data-widget_type=\"icon.default\">\n\t\t\t\t<div class=\"elementor-widget-container\">\n\t\t\t\t\t\t\t<div class=\"elementor-icon-wrapper\">\n\t\t\t<div class=\"elementor-icon\">\n\t\t\t<svg aria-hidden=\"true\" class=\"e-font-icon-svg e-fas-landmark\" viewbox=\"0 0 512 512\" xmlns=\"http:\/\/www.w3.org\/2000\/svg\"><path d=\"M501.62 92.11L267.24 2.04a31.958 31.958 0 0 0-22.47 0L10.38 92.11A16.001 16.001 0 0 0 0 107.09V144c0 8.84 7.16 16 16 16h480c8.84 0 16-7.16 16-16v-36.91c0-6.67-4.14-12.64-10.38-14.98zM64 192v160H48c-8.84 0-16 7.16-16 16v48h448v-48c0-8.84-7.16-16-16-16h-16V192h-64v160h-96V192h-64v160h-96V192H64zm432 256H16c-8.84 0-16 7.16-16 16v32c0 8.84 7.16 16 16 16h480c8.84 0 16-7.16 16-16v-32c0-8.84-7.16-16-16-16z\"><\/path><\/svg>\t\t\t<\/div>\n\t\t<\/div>\n\t\t\t\t\t\t<\/div>\n\t\t\t\t<\/div>\n\t\t\t\t<div class=\"elementor-element elementor-element-4a308cc elementor-widget elementor-widget-heading\" data-id=\"4a308cc\" data-element_type=\"widget\" data-e-type=\"widget\" data-widget_type=\"heading.default\">\n\t\t\t\t<div class=\"elementor-widget-container\">\n\t\t\t\t\t<h3 class=\"elementor-heading-title elementor-size-default\">Hist\u00f3ria<\/h3>\t\t\t\t<\/div>\n\t\t\t\t<\/div>\n\t\t\t\t<div class=\"elementor-element elementor-element-294c87a elementor-widget elementor-widget-text-editor\" data-id=\"294c87a\" data-element_type=\"widget\" data-e-type=\"widget\" data-widget_type=\"text-editor.default\">\n\t\t\t\t<div class=\"elementor-widget-container\">\n\t\t\t\t\t\t\t\t\t<p style=\"text-align:center; color:#555; font-size:15px; line-height:1.7;\">Fundada em 1962 em Columbus, Ohio (EUA), a AMETEK Solidstate Controls \u00e9 refer\u00eancia mundial em sistemas de energia confi\u00e1veis para ambientes industriais cr\u00edticos como nuclear, petroqu\u00edmico, oil &amp; gas e gera\u00e7\u00e3o de energia.<\/p>\t\t\t\t\t\t\t\t<\/div>\n\t\t\t\t<\/div>\n\t\t\t\t<\/div>\n\t\t<div class=\"elementor-element elementor-element-f5ae2f2 e-con-full e-flex e-con e-child\" data-id=\"f5ae2f2\" data-element_type=\"container\" data-e-type=\"container\" data-settings=\"{&quot;background_background&quot;:&quot;classic&quot;}\">\n\t\t\t\t<div class=\"elementor-element elementor-element-414a2d4 elementor-view-default elementor-widget elementor-widget-icon\" data-id=\"414a2d4\" data-element_type=\"widget\" data-e-type=\"widget\" data-widget_type=\"icon.default\">\n\t\t\t\t<div class=\"elementor-widget-container\">\n\t\t\t\t\t\t\t<div class=\"elementor-icon-wrapper\">\n\t\t\t<div class=\"elementor-icon\">\n\t\t\t<svg aria-hidden=\"true\" class=\"e-font-icon-svg e-fas-bolt\" viewbox=\"0 0 320 512\" xmlns=\"http:\/\/www.w3.org\/2000\/svg\"><path d=\"M296 160H180.6l42.6-129.8C227.2 15 215.7 0 200 0H56C44 0 33.8 8.9 32.2 20.8l-32 240C-1.7 275.2 9.5 288 24 288h118.7L96.6 482.5c-3.6 15.2 8 29.5 23.3 29.5 8.4 0 16.4-4.4 20.8-12l176-304c9.3-15.9-2.2-36-20.7-36z\"><\/path><\/svg>\t\t\t<\/div>\n\t\t<\/div>\n\t\t\t\t\t\t<\/div>\n\t\t\t\t<\/div>\n\t\t\t\t<div class=\"elementor-element elementor-element-62f2b83 elementor-widget elementor-widget-heading\" data-id=\"62f2b83\" data-element_type=\"widget\" data-e-type=\"widget\" data-widget_type=\"heading.default\">\n\t\t\t\t<div class=\"elementor-widget-container\">\n\t\t\t\t\t<h3 class=\"elementor-heading-title elementor-size-default\">Qualidade de Energia<\/h3>\t\t\t\t<\/div>\n\t\t\t\t<\/div>\n\t\t\t\t<div class=\"elementor-element elementor-element-e330398 elementor-widget elementor-widget-text-editor\" data-id=\"e330398\" data-element_type=\"widget\" data-e-type=\"widget\" data-widget_type=\"text-editor.default\">\n\t\t\t\t<div class=\"elementor-widget-container\">\n\t\t\t\t\t\t\t\t\t<p style=\"text-align:center; color:#555; font-size:15px; line-height:1.7;\">Especializada em sistemas UPS, inversores, condicionadores e retificadores\/carregadores de bateria. A AMETEK oferece solu\u00e7\u00f5es customiz\u00e1veis para proteger equipamentos cr\u00edticos contra falhas e flutua\u00e7\u00f5es de energia.<\/p>\t\t\t\t\t\t\t\t<\/div>\n\t\t\t\t<\/div>\n\t\t\t\t<\/div>\n\t\t<div class=\"elementor-element elementor-element-bf1d358 e-con-full e-flex e-con e-child\" data-id=\"bf1d358\" data-element_type=\"container\" data-e-type=\"container\" data-settings=\"{&quot;background_background&quot;:&quot;classic&quot;}\">\n\t\t\t\t<div class=\"elementor-element elementor-element-bad28a4 elementor-view-default elementor-widget elementor-widget-icon\" data-id=\"bad28a4\" data-element_type=\"widget\" data-e-type=\"widget\" data-widget_type=\"icon.default\">\n\t\t\t\t<div class=\"elementor-widget-container\">\n\t\t\t\t\t\t\t<div class=\"elementor-icon-wrapper\">\n\t\t\t<div class=\"elementor-icon\">\n\t\t\t<svg aria-hidden=\"true\" class=\"e-font-icon-svg e-fas-industry\" viewbox=\"0 0 512 512\" xmlns=\"http:\/\/www.w3.org\/2000\/svg\"><path d=\"M475.115 163.781L336 252.309v-68.28c0-18.916-20.931-30.399-36.885-20.248L160 252.309V56c0-13.255-10.745-24-24-24H24C10.745 32 0 42.745 0 56v400c0 13.255 10.745 24 24 24h464c13.255 0 24-10.745 24-24V184.029c0-18.917-20.931-30.399-36.885-20.248z\"><\/path><\/svg>\t\t\t<\/div>\n\t\t<\/div>\n\t\t\t\t\t\t<\/div>\n\t\t\t\t<\/div>\n\t\t\t\t<div class=\"elementor-element elementor-element-2a048d7 elementor-widget elementor-widget-heading\" data-id=\"2a048d7\" data-element_type=\"widget\" data-e-type=\"widget\" data-widget_type=\"heading.default\">\n\t\t\t\t<div class=\"elementor-widget-container\">\n\t\t\t\t\t<h3 class=\"elementor-heading-title elementor-size-default\">Setores de Atua\u00e7\u00e3o<\/h3>\t\t\t\t<\/div>\n\t\t\t\t<\/div>\n\t\t\t\t<div class=\"elementor-element elementor-element-b833359 elementor-widget elementor-widget-text-editor\" data-id=\"b833359\" data-element_type=\"widget\" data-e-type=\"widget\" data-widget_type=\"text-editor.default\">\n\t\t\t\t<div class=\"elementor-widget-container\">\n\t\t\t\t\t\t\t\t\t<p style=\"text-align:center; color:#555; font-size:15px; line-height:1.7;\">A AMETEK atua nos setores mais exigentes do mundo: Oil &amp; Gas, Energia Nuclear, Petroqu\u00edmica, Data Centers, Gera\u00e7\u00e3o de Energia, Pipeline e Ind\u00fastrias de Processo, com equipamentos projetados para opera\u00e7\u00e3o cont\u00ednua.<\/p>\t\t\t\t\t\t\t\t<\/div>\n\t\t\t\t<\/div>\n\t\t\t\t<\/div>\n\t\t\t\t<\/div>\n\t\t\t\t<\/div>\n\t\t<div class=\"elementor-element elementor-element-03c78cd e-con-full e-flex e-con e-parent\" data-id=\"03c78cd\" data-element_type=\"container\" data-e-type=\"container\" data-settings=\"{&quot;background_background&quot;:&quot;classic&quot;}\">\n\t\t\t\t<div class=\"elementor-element elementor-element-cd27e7c elementor-widget-divider--view-line elementor-widget elementor-widget-divider\" data-id=\"cd27e7c\" data-element_type=\"widget\" data-e-type=\"widget\" data-widget_type=\"divider.default\">\n\t\t\t\t<div class=\"elementor-widget-container\">\n\t\t\t\t\t\t\t<div class=\"elementor-divider\">\n\t\t\t<span class=\"elementor-divider-separator\">\n\t\t\t\t\t\t<\/span>\n\t\t<\/div>\n\t\t\t\t\t\t<\/div>\n\t\t\t\t<\/div>\n\t\t\t\t<div class=\"elementor-element elementor-element-2a7608a elementor-widget elementor-widget-heading\" data-id=\"2a7608a\" data-element_type=\"widget\" data-e-type=\"widget\" data-widget_type=\"heading.default\">\n\t\t\t\t<div class=\"elementor-widget-container\">\n\t\t\t\t\t<h2 class=\"elementor-heading-title elementor-size-default\">Produtos:<\/h2>\t\t\t\t<\/div>\n\t\t\t\t<\/div>\n\t\t<div class=\"elementor-element elementor-element-3f1b9b4 e-con-full e-flex e-con e-child\" data-id=\"3f1b9b4\" data-element_type=\"container\" data-e-type=\"container\">\n\t\t<div class=\"elementor-element elementor-element-2f81bdc e-con-full e-flex e-con e-child\" data-id=\"2f81bdc\" data-element_type=\"container\" data-e-type=\"container\" data-settings=\"{&quot;background_background&quot;:&quot;classic&quot;}\">\n\t\t\t\t<div class=\"elementor-element elementor-element-b9f531a elementor-widget elementor-widget-html\" data-id=\"b9f531a\" data-element_type=\"widget\" data-e-type=\"widget\" data-widget_type=\"html.default\">\n\t\t\t\t<div class=\"elementor-widget-container\">\n\t\t\t\t\t<div style=\"display:flex; flex-direction:column; align-items:center; text-align:center; padding:10px; height:100%;\"><div style=\"background:#f0f4f5; border-radius:8px; padding:20px; margin-bottom:16px; width:100%;\"><img decoding=\"async\" src=\"https:\/\/qlpgroup.com.br\/wp-content\/uploads\/2026\/03\/ametek-ups-nobreak.png\" alt=\"UPS - Nobreak Industrial (PWM)\" style=\"max-height:180px; width:auto; object-fit:contain;\" \/><\/div><h4 style=\"font-family:Montserrat,sans-serif; font-weight:700; font-size:22px; color:#22576C; margin-bottom:12px;\">UPS - Nobreak Industrial (PWM)<\/h4><p style=\"font-family:Source Sans Pro,sans-serif; font-size:16px; line-height:1.7; color:#4A4A4A; flex-grow:1; margin-bottom:20px;\">Sistema UPS de modula\u00e7\u00e3o por largura de pulso, projetado para prote\u00e7\u00e3o cont\u00ednua de energia em aplica\u00e7\u00f5es industriais cr\u00edticas.<\/p><a href=\"https:\/\/www.solidstatecontrolsinc.com\/products\/uninterruptible-power-supply\" target=\"_blank\" rel=\"noopener noreferrer nofollow\" style=\"display:inline-block; background:#F57E28; color:#fff; font-family:Montserrat,sans-serif; font-weight:600; font-size:14px; padding:10px 24px; border-radius:5px; text-decoration:none;\">Saiba Mais<\/a><\/div>\t\t\t\t<\/div>\n\t\t\t\t<\/div>\n\t\t\t\t<\/div>\n\t\t<div class=\"elementor-element elementor-element-7d54152 e-con-full e-flex e-con e-child\" data-id=\"7d54152\" data-element_type=\"container\" data-e-type=\"container\" data-settings=\"{&quot;background_background&quot;:&quot;classic&quot;}\">\n\t\t\t\t<div class=\"elementor-element elementor-element-cf20ffe elementor-widget elementor-widget-html\" data-id=\"cf20ffe\" data-element_type=\"widget\" data-e-type=\"widget\" data-widget_type=\"html.default\">\n\t\t\t\t<div class=\"elementor-widget-container\">\n\t\t\t\t\t<div style=\"display:flex; flex-direction:column; align-items:center; text-align:center; padding:10px; height:100%;\"><div style=\"background:#f0f4f5; border-radius:8px; padding:20px; margin-bottom:16px; width:100%;\"><img decoding=\"async\" src=\"https:\/\/qlpgroup.com.br\/wp-content\/uploads\/2026\/03\/ametek-inversor-potencia.jpg\" alt=\"Inversor de Pot\u00eancia\" style=\"max-height:180px; width:auto; object-fit:contain;\" \/><\/div><h4 style=\"font-family:Montserrat,sans-serif; font-weight:700; font-size:22px; color:#22576C; margin-bottom:12px;\">Inversor de Pot\u00eancia<\/h4><p style=\"font-family:Source Sans Pro,sans-serif; font-size:16px; line-height:1.7; color:#4A4A4A; flex-grow:1; margin-bottom:20px;\">Inversores de pot\u00eancia para convers\u00e3o DC\/AC confi\u00e1vel, essenciais em sistemas de gera\u00e7\u00e3o e distribui\u00e7\u00e3o de energia.<\/p><a href=\"https:\/\/www.solidstatecontrolsinc.com\/products\/power-inverters\" target=\"_blank\" rel=\"noopener noreferrer nofollow\" style=\"display:inline-block; background:#F57E28; color:#fff; font-family:Montserrat,sans-serif; font-weight:600; font-size:14px; padding:10px 24px; border-radius:5px; text-decoration:none;\">Saiba Mais<\/a><\/div>\t\t\t\t<\/div>\n\t\t\t\t<\/div>\n\t\t\t\t<\/div>\n\t\t<div class=\"elementor-element elementor-element-e8c031d e-con-full e-flex e-con e-child\" data-id=\"e8c031d\" data-element_type=\"container\" data-e-type=\"container\" data-settings=\"{&quot;background_background&quot;:&quot;classic&quot;}\">\n\t\t\t\t<div class=\"elementor-element elementor-element-039caac elementor-widget elementor-widget-html\" data-id=\"039caac\" data-element_type=\"widget\" data-e-type=\"widget\" data-widget_type=\"html.default\">\n\t\t\t\t<div class=\"elementor-widget-container\">\n\t\t\t\t\t<div style=\"display:flex; flex-direction:column; align-items:center; text-align:center; padding:10px; height:100%;\"><div style=\"background:#f0f4f5; border-radius:8px; padding:20px; margin-bottom:16px; width:100%;\"><img decoding=\"async\" src=\"https:\/\/qlpgroup.com.br\/wp-content\/uploads\/2026\/03\/ametek-condicionador-energia.jpg\" alt=\"Condicionador de Energia\" style=\"max-height:180px; width:auto; object-fit:contain;\" \/><\/div><h4 style=\"font-family:Montserrat,sans-serif; font-weight:700; font-size:22px; color:#22576C; margin-bottom:12px;\">Condicionador de Energia<\/h4><p style=\"font-family:Source Sans Pro,sans-serif; font-size:16px; line-height:1.7; color:#4A4A4A; flex-grow:1; margin-bottom:20px;\">Condicionadores que garantem energia limpa e est\u00e1vel, protegendo equipamentos sens\u00edveis contra distor\u00e7\u00f5es e flutua\u00e7\u00f5es.<\/p><a href=\"https:\/\/www.solidstatecontrolsinc.com\/products\/power-conditioners\" target=\"_blank\" rel=\"noopener noreferrer nofollow\" style=\"display:inline-block; background:#F57E28; color:#fff; font-family:Montserrat,sans-serif; font-weight:600; font-size:14px; padding:10px 24px; border-radius:5px; text-decoration:none;\">Saiba Mais<\/a><\/div>\t\t\t\t<\/div>\n\t\t\t\t<\/div>\n\t\t\t\t<\/div>\n\t\t\t\t<\/div>\n\t\t<div class=\"elementor-element elementor-element-320489c e-con-full e-flex e-con e-child\" data-id=\"320489c\" data-element_type=\"container\" data-e-type=\"container\">\n\t\t<div class=\"elementor-element elementor-element-01f947a e-con-full e-flex e-con e-child\" data-id=\"01f947a\" data-element_type=\"container\" data-e-type=\"container\" data-settings=\"{&quot;background_background&quot;:&quot;classic&quot;}\">\n\t\t\t\t<div class=\"elementor-element elementor-element-fbc52db elementor-widget elementor-widget-html\" data-id=\"fbc52db\" data-element_type=\"widget\" data-e-type=\"widget\" data-widget_type=\"html.default\">\n\t\t\t\t<div class=\"elementor-widget-container\">\n\t\t\t\t\t<div style=\"display:flex; flex-direction:column; align-items:center; text-align:center; padding:10px; height:100%;\"><div style=\"background:#f0f4f5; border-radius:8px; padding:20px; margin-bottom:16px; width:100%;\"><img decoding=\"async\" src=\"https:\/\/qlpgroup.com.br\/wp-content\/uploads\/2026\/03\/ametek-carregador-retificador.png\" alt=\"Carregador\/Retificador de Bateria\" style=\"max-height:180px; width:auto; object-fit:contain;\" \/><\/div><h4 style=\"font-family:Montserrat,sans-serif; font-weight:700; font-size:22px; color:#22576C; margin-bottom:12px;\">Carregador\/Retificador de Bateria<\/h4><p style=\"font-family:Source Sans Pro,sans-serif; font-size:16px; line-height:1.7; color:#4A4A4A; flex-grow:1; margin-bottom:20px;\">Carregadores e retificadores de alta confiabilidade para sistemas de baterias estacion\u00e1rias em aplica\u00e7\u00f5es industriais e de utilities.<\/p><a href=\"https:\/\/www.solidstatecontrolsinc.com\/products\/battery-chargers\" target=\"_blank\" rel=\"noopener noreferrer nofollow\" style=\"display:inline-block; background:#F57E28; color:#fff; font-family:Montserrat,sans-serif; font-weight:600; font-size:14px; padding:10px 24px; border-radius:5px; text-decoration:none;\">Saiba Mais<\/a><\/div>\t\t\t\t<\/div>\n\t\t\t\t<\/div>\n\t\t\t\t<\/div>\n\t\t<div class=\"elementor-element elementor-element-5fb0bed e-con-full e-flex e-con e-child\" data-id=\"5fb0bed\" data-element_type=\"container\" data-e-type=\"container\" data-settings=\"{&quot;background_background&quot;:&quot;classic&quot;}\">\n\t\t\t\t<div class=\"elementor-element elementor-element-bd85c84 elementor-widget elementor-widget-html\" data-id=\"bd85c84\" data-element_type=\"widget\" data-e-type=\"widget\" data-widget_type=\"html.default\">\n\t\t\t\t<div class=\"elementor-widget-container\">\n\t\t\t\t\t<div style=\"display:flex; flex-direction:column; align-items:center; text-align:center; padding:10px; height:100%;\"><div style=\"background:#f0f4f5; border-radius:8px; padding:20px; margin-bottom:16px; width:100%;\"><img decoding=\"async\" src=\"https:\/\/qlpgroup.com.br\/wp-content\/uploads\/2026\/03\/ametek-chave-bypass.jpg\" alt=\"Chave de Bypass Remoto\" style=\"max-height:180px; width:auto; object-fit:contain;\" \/><\/div><h4 style=\"font-family:Montserrat,sans-serif; font-weight:700; font-size:22px; color:#22576C; margin-bottom:12px;\">Chave de Bypass Remoto<\/h4><p style=\"font-family:Source Sans Pro,sans-serif; font-size:16px; line-height:1.7; color:#4A4A4A; flex-grow:1; margin-bottom:20px;\">Chaves de bypass que permitem manuten\u00e7\u00e3o segura dos sistemas UPS sem interrup\u00e7\u00e3o do fornecimento de energia \u00e0 carga cr\u00edtica.<\/p><a href=\"https:\/\/www.solidstatecontrolsinc.com\/products\/remote-bypass-switches\" target=\"_blank\" rel=\"noopener noreferrer nofollow\" style=\"display:inline-block; background:#F57E28; color:#fff; font-family:Montserrat,sans-serif; font-weight:600; font-size:14px; padding:10px 24px; border-radius:5px; text-decoration:none;\">Saiba Mais<\/a><\/div>\t\t\t\t<\/div>\n\t\t\t\t<\/div>\n\t\t\t\t<\/div>\n\t\t\t\t<\/div>\n\t\t\t\t<\/div>\n\t\t<div class=\"elementor-element elementor-element-12c5aea e-flex e-con-boxed e-con e-parent\" data-id=\"12c5aea\" data-element_type=\"container\" data-e-type=\"container\" data-settings=\"{&quot;background_background&quot;:&quot;classic&quot;}\">\n\t\t\t\t\t<div class=\"e-con-inner\">\n\t\t\t\t<div class=\"elementor-element elementor-element-d47672f elementor-widget-divider--view-line elementor-widget elementor-widget-divider\" data-id=\"d47672f\" data-element_type=\"widget\" data-e-type=\"widget\" data-widget_type=\"divider.default\">\n\t\t\t\t<div class=\"elementor-widget-container\">\n\t\t\t\t\t\t\t<div class=\"elementor-divider\">\n\t\t\t<span class=\"elementor-divider-separator\">\n\t\t\t\t\t\t<\/span>\n\t\t<\/div>\n\t\t\t\t\t\t<\/div>\n\t\t\t\t<\/div>\n\t\t\t\t<div class=\"elementor-element elementor-element-9cdd758 elementor-widget elementor-widget-heading\" data-id=\"9cdd758\" data-element_type=\"widget\" data-e-type=\"widget\" data-widget_type=\"heading.default\">\n\t\t\t\t<div class=\"elementor-widget-container\">\n\t\t\t\t\t<h2 class=\"elementor-heading-title elementor-size-default\">Vamos Trabalhar Juntos?<\/h2>\t\t\t\t<\/div>\n\t\t\t\t<\/div>\n\t\t\t\t<div class=\"elementor-element elementor-element-2b26d73 elementor-widget elementor-widget-text-editor\" data-id=\"2b26d73\" data-element_type=\"widget\" data-e-type=\"widget\" data-widget_type=\"text-editor.default\">\n\t\t\t\t<div class=\"elementor-widget-container\">\n\t\t\t\t\t\t\t\t\t<p style=\"text-align:center; color:#555; font-size:16px; max-width:900px; margin:0 auto;\">Na QLP Group, acreditamos que a colabora\u00e7\u00e3o com nossos clientes \u00e9 fundamental para desenvolver solu\u00e7\u00f5es que fazem a diferen\u00e7a. Se voc\u00ea quer se juntar a essas empresas de refer\u00eancia e experimentar nosso compromisso com a qualidade, entre em contato conosco hoje mesmo.<\/p>\t\t\t\t\t\t\t\t<\/div>\n\t\t\t\t<\/div>\n\t\t\t\t<div class=\"elementor-element elementor-element-c484892 elementor-align-center elementor-widget elementor-widget-button\" data-id=\"c484892\" data-element_type=\"widget\" data-e-type=\"widget\" data-widget_type=\"button.default\">\n\t\t\t\t<div class=\"elementor-widget-container\">\n\t\t\t\t\t\t\t\t\t<div class=\"elementor-button-wrapper\">\n\t\t\t\t\t<a class=\"elementor-button elementor-button-link elementor-size-sm\" href=\"\/en\/contato\/\">\n\t\t\t\t\t\t<span class=\"elementor-button-content-wrapper\">\n\t\t\t\t\t\t\t\t\t<span class=\"elementor-button-text\">ENTRE EM CONTATO<\/span>\n\t\t\t\t\t<\/span>\n\t\t\t\t\t<\/a>\n\t\t\t\t<\/div>\n\t\t\t\t\t\t\t\t<\/div>\n\t\t\t\t<\/div>\n\t\t\t\t\t<\/div>\n\t\t\t\t<\/div>\n\t\t\t\t<\/div>","protected":false},"excerpt":{"rendered":"<p>Ametek A QLP Group \u00e9 representante oficial da AMETEK no Brasil, refer\u00eancia mundial desde 1962 em solu\u00e7\u00f5es de qualidade de energia para ambientes industriais cr\u00edticos, como sistemas UPS, inversores e condicionadores de energia.<\/p>","protected":false},"author":2,"featured_media":0,"parent":0,"menu_order":4,"comment_status":"closed","ping_status":"closed","template":"elementor_header_footer","meta":{"footnotes":""},"class_list":["post-2477","page","type-page","status-publish","hentry"],"_links":{"self":[{"href":"https:\/\/qlpgroup.com.br\/en\/wp-json\/wp\/v2\/pages\/2477","targetHints":{"allow":["GET"]}}],"collection":[{"href":"https:\/\/qlpgroup.com.br\/en\/wp-json\/wp\/v2\/pages"}],"about":[{"href":"https:\/\/qlpgroup.com.br\/en\/wp-json\/wp\/v2\/types\/page"}],"author":[{"embeddable":true,"href":"https:\/\/qlpgroup.com.br\/en\/wp-json\/wp\/v2\/users\/2"}],"replies":[{"embeddable":true,"href":"https:\/\/qlpgroup.com.br\/en\/wp-json\/wp\/v2\/comments?post=2477"}],"version-history":[{"count":5,"href":"https:\/\/qlpgroup.com.br\/en\/wp-json\/wp\/v2\/pages\/2477\/revisions"}],"predecessor-version":[{"id":2979,"href":"https:\/\/qlpgroup.com.br\/en\/wp-json\/wp\/v2\/pages\/2477\/revisions\/2979"}],"wp:attachment":[{"href":"https:\/\/qlpgroup.com.br\/en\/wp-json\/wp\/v2\/media?parent=2477"}],"curies":[{"name":"wp","href":"https:\/\/api.w.org\/{rel}","templated":true}]}}