{"id":2158,"date":"2026-03-04T11:42:17","date_gmt":"2026-03-04T14:42:17","guid":{"rendered":"https:\/\/qlpgroup.com.br\/?page_id=2158"},"modified":"2026-03-04T12:06:24","modified_gmt":"2026-03-04T15:06:24","slug":"politica-anticorrupcao","status":"publish","type":"page","link":"https:\/\/qlpgroup.com.br\/en\/politica-anticorrupcao\/","title":{"rendered":"Pol\u00edtica Anticorrup\u00e7\u00e3o e Antissuborno"},"content":{"rendered":"<div data-elementor-type=\"wp-page\" data-elementor-id=\"2158\" class=\"elementor elementor-2158\">\n\t\t\t\t<div class=\"elementor-element elementor-element-4fc6cf97 e-con-full e-flex e-con e-parent\" data-id=\"4fc6cf97\" data-element_type=\"container\" data-e-type=\"container\" data-settings=\"{&quot;background_background&quot;:&quot;classic&quot;}\">\n\t\t\t\t<div class=\"elementor-element elementor-element-7f2d2078 elementor-widget elementor-widget-heading\" data-id=\"7f2d2078\" data-element_type=\"widget\" data-e-type=\"widget\" data-widget_type=\"heading.default\">\n\t\t\t\t<div class=\"elementor-widget-container\">\n\t\t\t\t\t<h2 class=\"elementor-heading-title elementor-size-default\">A Empresa<\/h2>\t\t\t\t<\/div>\n\t\t\t\t<\/div>\n\t\t\t\t<\/div>\n\t\t<div class=\"elementor-element elementor-element-6b7877ab e-flex e-con-boxed e-con e-parent\" data-id=\"6b7877ab\" data-element_type=\"container\" data-e-type=\"container\">\n\t\t\t\t\t<div class=\"e-con-inner\">\n\t\t\t\t<div class=\"elementor-element elementor-element-36b4833b elementor-widget elementor-widget-text-editor\" data-id=\"36b4833b\" data-element_type=\"widget\" data-e-type=\"widget\" data-widget_type=\"text-editor.default\">\n\t\t\t\t<div class=\"elementor-widget-container\">\n\t\t\t\t\t\t\t\t\t\n  <p>\n    Na QLP Group, a integridade \u00e9 um princ\u00edpio essencial da nossa atua\u00e7\u00e3o.<p>\n    Nossa Pol\u00edtica Anticorrup\u00e7\u00e3o e Antissuborno estabelece as diretrizes para\n    preven\u00e7\u00e3o, identifica\u00e7\u00e3o e combate a pr\u00e1ticas il\u00edcitas, refor\u00e7ando o compromisso\n    da empresa com conduta \u00e9tica, transpar\u00eancia e conformidade legal.\n  <\/p>\n\n  <p>\n    A pol\u00edtica aplica-se a colaboradores, diretores, prestadores de servi\u00e7o,\n    fornecedores e parceiros comerciais, abrangendo todas as opera\u00e7\u00f5es e atividades\n    relacionadas aos neg\u00f3cios da empresa, independentemente do local em que sejam realizadas.\n  <\/p>\n\n  <p>\n    Em linha com seu Programa de Integridade, a QLP Group adota diretrizes compat\u00edveis\n    com as principais legisla\u00e7\u00f5es anticorrup\u00e7\u00e3o aplic\u00e1veis, incluindo a\n    <strong>Lei n\u00ba 12.846\/2013<\/strong> (Lei Anticorrup\u00e7\u00e3o Empresarial Brasileira),\n    o <strong>Foreign Corrupt Practices Act (FCPA)<\/strong> dos Estados Unidos,\n    o <strong>UK Bribery Act<\/strong> do Reino Unido, al\u00e9m de outras normas e regulamentos\n    aplic\u00e1veis nos pa\u00edses em que a empresa atua.\n  <\/p>\n\n  <p>\n    A pol\u00edtica aborda temas como preven\u00e7\u00e3o ao suborno e \u00e0 corrup\u00e7\u00e3o, brindes e hospitalidades,\n    conflitos de interesse, dilig\u00eancia de parceiros e terceiros, investiga\u00e7\u00e3o de irregularidades,\n    aplica\u00e7\u00e3o de medidas disciplinares, treinamentos peri\u00f3dicos e canal de den\u00fancias.\n  <\/p>\n\n  <p>\n    Para consultar a vers\u00e3o completa da pol\u00edtica, acesse o documento oficial abaixo.\n  <\/p>\n\n  <a href=\"https:\/\/qlpgroup.com.br\/wp-content\/uploads\/2026\/03\/Anti-Corrption-Policies-QLP-GROUP-PT.pdf\" target=\"_blank\" rel=\"noopener noreferrer\"><b>\n    Acessar documento completo (Portugu\u00eas)\n  <\/a>\n\n  <br><br>\n\n  <a href=\"https:\/\/qlpgroup.com.br\/wp-content\/uploads\/2026\/03\/Anti-Corruption-Policies-QLP-GROUP.pdf\" target=\"_blank\" rel=\"noopener noreferrer\"><b>\n    Access full document (English)\n  <\/a>\n<\/section>\t\t\t\t\t\t\t\t<\/div>\n\t\t\t\t<\/div>\n\t\t\t\t\t<\/div>\n\t\t\t\t<\/div>\n\t\t\t\t<\/div>","protected":false},"excerpt":{"rendered":"<p>Na QLP Group, a integridade \u00e9 um princ\u00edpio essencial da nossa atua\u00e7\u00e3o. Nossa Pol\u00edtica Anticorrup\u00e7\u00e3o e Antissuborno estabelece as diretrizes para preven\u00e7\u00e3o, identifica\u00e7\u00e3o e combate a pr\u00e1ticas il\u00edcitas, refor\u00e7ando o compromisso da empresa com conduta \u00e9tica, transpar\u00eancia e conformidade legal. A pol\u00edtica aplica-se a colaboradores, diretores, prestadores de servi\u00e7o, fornecedores e parceiros comerciais, abrangendo todas [&hellip;]<\/p>\n","protected":false},"author":2,"featured_media":0,"parent":0,"menu_order":0,"comment_status":"closed","ping_status":"closed","template":"elementor_header_footer","meta":{"footnotes":""},"class_list":["post-2158","page","type-page","status-publish","hentry"],"_links":{"self":[{"href":"https:\/\/qlpgroup.com.br\/en\/wp-json\/wp\/v2\/pages\/2158","targetHints":{"allow":["GET"]}}],"collection":[{"href":"https:\/\/qlpgroup.com.br\/en\/wp-json\/wp\/v2\/pages"}],"about":[{"href":"https:\/\/qlpgroup.com.br\/en\/wp-json\/wp\/v2\/types\/page"}],"author":[{"embeddable":true,"href":"https:\/\/qlpgroup.com.br\/en\/wp-json\/wp\/v2\/users\/2"}],"replies":[{"embeddable":true,"href":"https:\/\/qlpgroup.com.br\/en\/wp-json\/wp\/v2\/comments?post=2158"}],"version-history":[{"count":3,"href":"https:\/\/qlpgroup.com.br\/en\/wp-json\/wp\/v2\/pages\/2158\/revisions"}],"predecessor-version":[{"id":2165,"href":"https:\/\/qlpgroup.com.br\/en\/wp-json\/wp\/v2\/pages\/2158\/revisions\/2165"}],"wp:attachment":[{"href":"https:\/\/qlpgroup.com.br\/en\/wp-json\/wp\/v2\/media?parent=2158"}],"curies":[{"name":"wp","href":"https:\/\/api.w.org\/{rel}","templated":true}]}}