{"id":2039,"date":"2025-12-01T15:43:54","date_gmt":"2025-12-01T18:43:54","guid":{"rendered":"https:\/\/qlpgroup.com.br\/?page_id=2039"},"modified":"2026-04-13T07:51:12","modified_gmt":"2026-04-13T10:51:12","slug":"noticias-2","status":"publish","type":"page","link":"https:\/\/qlpgroup.com.br\/en\/noticias-2\/","title":{"rendered":"Not\u00edcias"},"content":{"rendered":"<div data-elementor-type=\"wp-page\" data-elementor-id=\"2039\" class=\"elementor elementor-2039\">\n\t\t\t\t<div class=\"elementor-element elementor-element-39da6bc e-flex e-con-boxed e-con e-parent\" data-id=\"39da6bc\" data-element_type=\"container\" data-e-type=\"container\">\n\t\t\t\t\t<div class=\"e-con-inner\">\n\t\t\t\t<div class=\"elementor-element elementor-element-65e79c4 elementor-widget elementor-widget-loop-grid\" data-id=\"65e79c4\" data-element_type=\"widget\" data-e-type=\"widget\" data-widget_type=\"loop-grid.default\">\n\t\t\t\t<div class=\"elementor-widget-container\">\n\t\t\t\t\t \t\t\t\t<\/div>\n\t\t\t\t<\/div>\n\t\t\t\t<div class=\"elementor-element elementor-element-2e56035 elementor-widget elementor-widget-html\" data-id=\"2e56035\" data-element_type=\"widget\" data-e-type=\"widget\" data-widget_type=\"html.default\">\n\t\t\t\t<div class=\"elementor-widget-container\">\n\t\t\t\t\t<style>\n.qlp-sidebar-lidas { background: #f9fafb; border: 1px solid #e5e7eb; border-radius: 6px; padding: 20px 18px; font-family: inherit; }\n.qlp-sidebar-lidas__title { color: rgb(34, 87, 108); margin: 0 0 14px 0; padding-bottom: 10px; border-bottom: 2px solid #f39000; font-size: 15px; font-weight: 800; text-transform: uppercase; letter-spacing: 0.06em; line-height: 1.2; }\n.qlp-sidebar-lidas__item { padding: 12px 0; border-bottom: 1px solid #e5e7eb; }\n.qlp-sidebar-lidas__item:last-child { border-bottom: none; padding-bottom: 0; }\n.qlp-sidebar-lidas__item a { color: #111827; text-decoration: none; font-size: 13px; font-weight: 700; line-height: 1.4; display: block; transition: color 0.2s ease; }\n.qlp-sidebar-lidas__item a:hover { color: rgb(34, 87, 108); }\n<\/style>\n<div class=\"qlp-sidebar-lidas\">\n  <h3 class=\"qlp-sidebar-lidas__title\">Mais Lidas<\/h3>\n  <div class=\"qlp-sidebar-lidas__item\"><a href=\"\/en\/bacia-de-campos-novo-prazo-fpso-albacora-2026\/\">Bacia de Campos ganha novo f\u00f4lego com FPSO de Albacora<\/a><\/div>\n  <div class=\"qlp-sidebar-lidas__item\"><a href=\"\/en\/p-78-em-2026-o-que-muda-no-offshore-brasileiro-e-na-cadeia-de-suprimentos\/\">P-78 em 2026: o que muda no offshore brasileiro<\/a><\/div>\n  <div class=\"qlp-sidebar-lidas__item\"><a href=\"\/en\/producao-do-campo-de-bacalhau-comeca-e-reforca-posicao-da-equinor-no-pre-sal\/\">Produ\u00e7\u00e3o do campo de Bacalhau come\u00e7a e refor\u00e7a posi\u00e7\u00e3o da Equinor<\/a><\/div>\n<\/div>\t\t\t\t<\/div>\n\t\t\t\t<\/div>\n\t\t\t\t\t<\/div>\n\t\t\t\t<\/div>\n\t\t\t\t<\/div>","protected":false},"excerpt":{"rendered":"<p>Mais Lidas Bacia de Campos ganha novo f\u00f4lego com FPSO de Albacora P-78 em 2026: o que muda no offshore brasileiro Produ\u00e7\u00e3o do campo de Bacalhau come\u00e7a e refor\u00e7a posi\u00e7\u00e3o da Equinor<\/p>","protected":false},"author":2,"featured_media":2109,"parent":0,"menu_order":1,"comment_status":"closed","ping_status":"closed","template":"","meta":{"footnotes":""},"class_list":["post-2039","page","type-page","status-publish","has-post-thumbnail","hentry"],"_links":{"self":[{"href":"https:\/\/qlpgroup.com.br\/en\/wp-json\/wp\/v2\/pages\/2039","targetHints":{"allow":["GET"]}}],"collection":[{"href":"https:\/\/qlpgroup.com.br\/en\/wp-json\/wp\/v2\/pages"}],"about":[{"href":"https:\/\/qlpgroup.com.br\/en\/wp-json\/wp\/v2\/types\/page"}],"author":[{"embeddable":true,"href":"https:\/\/qlpgroup.com.br\/en\/wp-json\/wp\/v2\/users\/2"}],"replies":[{"embeddable":true,"href":"https:\/\/qlpgroup.com.br\/en\/wp-json\/wp\/v2\/comments?post=2039"}],"version-history":[{"count":5,"href":"https:\/\/qlpgroup.com.br\/en\/wp-json\/wp\/v2\/pages\/2039\/revisions"}],"predecessor-version":[{"id":3003,"href":"https:\/\/qlpgroup.com.br\/en\/wp-json\/wp\/v2\/pages\/2039\/revisions\/3003"}],"wp:featuredmedia":[{"embeddable":true,"href":"https:\/\/qlpgroup.com.br\/en\/wp-json\/wp\/v2\/media\/2109"}],"wp:attachment":[{"href":"https:\/\/qlpgroup.com.br\/en\/wp-json\/wp\/v2\/media?parent=2039"}],"curies":[{"name":"wp","href":"https:\/\/api.w.org\/{rel}","templated":true}]}}